{"id":4831,"date":"2025-11-05T10:00:00","date_gmt":"2025-11-05T10:00:00","guid":{"rendered":"https:\/\/perleibeauty.com\/?post_type=product&#038;p=4831"},"modified":"2026-04-17T09:22:33","modified_gmt":"2026-04-17T09:22:33","slug":"estee-lauder-double-wear-foundation","status":"publish","type":"product","link":"https:\/\/perleibeauty.com\/sq\/produkt\/estee-lauder-double-wear-foundation\/","title":{"rendered":"ESTEE LAUDER DOUBLE WEAR FOUNDATION"},"content":{"rendered":"<div><em>\u00c7far\u00eb \u00ebsht\u00eb:<\/em><\/div>\n<div>Nj\u00eb fondatin\u00eb e l\u00ebngshme me q\u00ebndrueshm\u00ebri 24-or\u00ebshe, q\u00eb ofron mbulim mesatar deri n\u00eb t\u00eb plot\u00eb dhe p\u00ebrfundim mat natyral. Ndihmon n\u00eb unifikimin e ngjyr\u00ebs s\u00eb l\u00ebkur\u00ebs dhe kontrollin e yndyr\u00ebs.<\/div>\n<div><\/div>\n<div><strong>Mbulimi<\/strong>: I plot\u00eb<\/div>\n<div><strong>P\u00ebrfundimi<\/strong>: Mat<\/div>\n<div><strong>Formulimi<\/strong>: I l\u00ebngsh\u00ebm<\/div>\n<div><strong>Lloji i l\u00ebkur\u00ebs<\/strong>: Normale, e yndyrshme, e that\u00eb dhe e kombinuar<\/div>\n<div><\/div>\n<div><em>Pa p\u00ebrb\u00ebr\u00ebs shtes\u00eb t\u00eb d\u00ebmsh\u00ebm:<\/em><\/div>\n<div><em>Nuk p\u00ebrmban aromatizues, parabene, ftalate, vaj mineral dhe \u00ebsht\u00eb pa-gluten.<\/em><\/div>\n<div><em>Informacion shtes\u00eb:<\/em><\/div>\n<div>Formula pa vaj ofron q\u00ebndrueshm\u00ebri 24-or\u00ebshe, rezistente ndaj djers\u00ebs, nxeht\u00ebsis\u00eb dhe lag\u00ebshtis\u00eb. \u00cbsht\u00eb e pap\u00ebrshkueshme nga uji dhe nuk bllokon poret.<\/div>\n<div>Ngjyra q\u00ebndron e pandryshuar p\u00ebr 24 or\u00eb, nuk krijon rrudha dhe nuk grumbullohet n\u00eb pore.<\/div>\n<div>Disponohet n\u00eb 56 nuanca, p\u00ebr t\u2019iu p\u00ebrshtatur \u00e7do ngjyre l\u00ebkure \u2014 nuk duket gri n\u00eb tonet m\u00eb t\u00eb err\u00ebta.<\/div>\n<div><\/div>\n<div><em>Rezultatet klinike:<\/em><\/div>\n<div>Bazuar n\u00eb testimin e konsumator\u00ebve (130 persona) pas p\u00ebrdorimit p\u00ebr 1 jav\u00eb:<\/div>\n<div>\u202294% than\u00eb se ndjehet e leht\u00eb dhe e frym\u00ebmarrshme n\u00eb l\u00ebkur\u00eb gjat\u00eb gjith\u00eb dit\u00ebs<\/div>\n<div>\u202290% than\u00eb se duket natyrale, jo si \u201cmask\u00eb\u201d<\/div>\n<p>&nbsp;<\/p>\n<div>\u202291% than\u00eb se e zbut pamjen e poreve<\/div>\n<div><\/div>\n<div><\/div>\n<div><em>P\u00ebrb\u00ebr\u00ebsit:<\/em><\/div>\n<div>Uj\u00eb, Cyclopentasiloxane, Trimethylsiloxysilicate, Peg\/Ppg-18\/18 Dimethicone, Butylene Glycol, Tribehenin, Polyglyceryl-3 Diisostearate, Magnesium Sulfate, Tocopheryl Acetate, Polymethylsilsesquioxane, Methicone, Laureth-7, Xanthan Gum, Alumina, Sodium Dehydroacetate, Disteardimonium Hectorite, Cellulose Gum, Propylene Carbonate, Pentaerythrityl Tetra-Di-T-Butyl Hydroxyhydrocinnamate, Phenoxyethanol, [+\/- Okside hekuri (Ci 77491, Ci 77492, Ci 77499), Mika, Titanium Dioxide (Ci 77891)].<\/div>\n<div><\/div>\n<div><strong>Sh\u00ebnim<\/strong>: Lista e p\u00ebrb\u00ebr\u00ebsve mund t\u00eb ndryshoj\u00eb her\u00eb pas here. Kontrolloni paketimin e produktit p\u00ebr p\u00ebrb\u00ebr\u00ebsit m\u00eb t\u00eb p\u00ebrdit\u00ebsuar.<\/div>\n<div><\/div>\n<div><strong>Si t\u00eb p\u00ebrdoret:<\/strong><\/div>\n<div>Udh\u00ebzime t\u00eb rekomanduara:<\/div>\n<div>\u2022Me majat e gishtave, sfungjer ose fur\u00e7\u00eb fondatine, aplikoni produktin duke e p\u00ebrhapur nga qendra e fytyr\u00ebs drejt jasht\u00eb.<\/div>\n<div>\u2022Shtoni nj\u00eb shtres\u00eb shtes\u00eb p\u00ebr mbulim t\u00eb plot\u00eb.<\/div>\n<div><em>K\u00ebshilla profesionale:<\/em><\/div>\n<div>\u2022Tundeni mir\u00eb p\u00ebrpara p\u00ebrdorimit dhe l\u00ebreni t\u00eb thahet plot\u00ebsisht p\u00ebrpara se t\u00eb kontrolloni n\u00ebse nuanca \u00ebsht\u00eb e p\u00ebrshtatshme p\u00ebr ju.<\/div>\n<div>\u2022Gjithmon\u00eb testojeni n\u00eb fytyr\u00eb (jo n\u00eb krah apo ky\u00e7) p\u00ebr rezultate m\u00eb t\u00eb sakta.<\/div>\n<div><\/div>\n<div><\/div>\n<div>Colors Available:<br \/>\n-1C1 Cool Bone &#8211; light with cool, rosy-peach undertones<\/div>\n<div>-1W1 Bone &#8211; light with warm undertones<\/div>\n<div>-1W2 Sand &#8211; light with warm, subtle olive undertones<\/div>\n<div>-2W1 Dawn &#8211; light medium with warm peach undertones<\/div>\n<div>-3W2 Cashew &#8211; medium with warm olive undertones<\/div>\n<div>-3N1 Ivory Beige &#8211; medium with neutral undertones<\/div>\n<div>-3C2 Pebble &#8211; medium with cool rosy undertones<\/div>\n<div>-2c2 Pale Almond<\/div>\n","protected":false},"excerpt":{"rendered":"<div>Nj\u00eb fondatin\u00eb e l\u00ebngshme me q\u00ebndrueshm\u00ebri 24-or\u00ebshe, q\u00eb ofron mbulim mesatar deri n\u00eb t\u00eb plot\u00eb dhe p\u00ebrfundim mat natyral. Ndihmon n\u00eb unifikimin e ngjyr\u00ebs s\u00eb l\u00ebkur\u00ebs dhe kontrollin e yndyr\u00ebs.<\/div>\n<div><\/div>\n<div><strong>Mbulimi<\/strong>: I plot\u00eb<\/div>\n<div><strong>P\u00ebrfundimi<\/strong>: Mat<\/div>\n<div><strong>Formulimi<\/strong>: I l\u00ebngsh\u00ebm<\/div>\n<div><strong>Lloji i l\u00ebkur\u00ebs<\/strong>: Normale, e yndyrshme, e that\u00eb dhe e kombinuar<\/div>\n<div><\/div>","protected":false},"featured_media":4984,"comment_status":"open","ping_status":"closed","template":"","meta":[],"product_brand":[98],"product_cat":[97,96],"product_tag":[128,100,102],"class_list":{"0":"post-4831","1":"product","2":"type-product","3":"status-publish","4":"has-post-thumbnail","6":"product_brand-estee-lauder","7":"product_cat-foundations","8":"product_cat-makeup","9":"product_tag-double-wear","10":"product_tag-foundation","11":"product_tag-matte","14":"instock","15":"shipping-taxable","16":"purchasable","17":"product-type-variable"},"_links":{"self":[{"href":"https:\/\/perleibeauty.com\/sq\/wp-json\/wp\/v2\/product\/4831","targetHints":{"allow":["GET"]}}],"collection":[{"href":"https:\/\/perleibeauty.com\/sq\/wp-json\/wp\/v2\/product"}],"about":[{"href":"https:\/\/perleibeauty.com\/sq\/wp-json\/wp\/v2\/types\/product"}],"replies":[{"embeddable":true,"href":"https:\/\/perleibeauty.com\/sq\/wp-json\/wp\/v2\/comments?post=4831"}],"version-history":[{"count":2,"href":"https:\/\/perleibeauty.com\/sq\/wp-json\/wp\/v2\/product\/4831\/revisions"}],"predecessor-version":[{"id":10609,"href":"https:\/\/perleibeauty.com\/sq\/wp-json\/wp\/v2\/product\/4831\/revisions\/10609"}],"wp:featuredmedia":[{"embeddable":true,"href":"https:\/\/perleibeauty.com\/sq\/wp-json\/wp\/v2\/media\/4984"}],"wp:attachment":[{"href":"https:\/\/perleibeauty.com\/sq\/wp-json\/wp\/v2\/media?parent=4831"}],"wp:term":[{"taxonomy":"product_brand","embeddable":true,"href":"https:\/\/perleibeauty.com\/sq\/wp-json\/wp\/v2\/product_brand?post=4831"},{"taxonomy":"product_cat","embeddable":true,"href":"https:\/\/perleibeauty.com\/sq\/wp-json\/wp\/v2\/product_cat?post=4831"},{"taxonomy":"product_tag","embeddable":true,"href":"https:\/\/perleibeauty.com\/sq\/wp-json\/wp\/v2\/product_tag?post=4831"}],"curies":[{"name":"wp","href":"https:\/\/api.w.org\/{rel}","templated":true}]}}