{"id":10681,"date":"2026-04-07T12:03:55","date_gmt":"2026-04-07T12:03:55","guid":{"rendered":"https:\/\/perleibeauty.com\/?post_type=product&#038;p=10681"},"modified":"2026-04-07T12:03:55","modified_gmt":"2026-04-07T12:03:55","slug":"rare-beauty-soft-pinch-luminous-powder-blush","status":"publish","type":"product","link":"https:\/\/perleibeauty.com\/sq\/produkt\/rare-beauty-soft-pinch-luminous-powder-blush\/","title":{"rendered":"Rare Beauty Soft Pinch Luminous Powder Blush"},"content":{"rendered":"<p class=\"isSelectedEnd\">Ky blush \u00ebsht\u00eb i formuluar p\u00ebr t\u00eb dh\u00ebn\u00eb nj\u00eb shk\u00eblqim t\u00eb but\u00eb, jo glitter, duke reflektuar drit\u00ebn n\u00eb m\u00ebnyr\u00eb elegante dhe duke e b\u00ebr\u00eb l\u00ebkur\u00ebn t\u00eb duket m\u00eb e sh\u00ebndetshme dhe rrezatuese. Tekstura e tij e but\u00eb aplikohet leht\u00eb me brush\u00eb dhe p\u00ebrzihet pa mundim, duke e b\u00ebr\u00eb t\u00eb p\u00ebrshtatsh\u00ebm si p\u00ebr makeup t\u00eb p\u00ebrditsh\u00ebm ashtu edhe p\u00ebr look-e m\u00eb glam.<\/p>\n<p class=\"isSelectedEnd\">Karakteristika kryesore:<br \/>\n\u2022 Finish luminous me shk\u00eblqim natyral<br \/>\n\u2022 Pigment i nd\u00ebrtuesh\u00ebm dhe i leht\u00eb p\u00ebr t\u2019u kontrolluar<br \/>\n\u2022 Tekstur\u00eb ultra e but\u00eb dhe e leht\u00eb<br \/>\n\u2022 P\u00ebrzihet leht\u00ebsisht pa njolla<br \/>\n\u2022 Jep efekt fresh dhe rrezatues<br \/>\n\u2022 I p\u00ebrshtatsh\u00ebm p\u00ebr t\u00eb gjitha tipet e l\u00ebkur\u00ebs<\/p>\n<p>Rezultati \u00ebsht\u00eb nj\u00eb pamje e fresk\u00ebt, e ndri\u00e7uar dhe natyrale q\u00eb zgjat gjat\u00eb gjith\u00eb dit\u00ebs. Ideal p\u00ebr t\u2019u p\u00ebrdorur vet\u00ebm ose mbi blush-in likuid p\u00ebr nj\u00eb intensitet m\u00eb t\u00eb madh.<\/p>","protected":false},"excerpt":{"rendered":"<div class=\"z-1 md:sticky top-(--sticky-padding-top)\" data-testid=\"writing-block-header-sticky-container\">\n<div class=\"bg-token-bg-primary flex w-full items-center justify-between gap-3 font-sans dark:bg-[#2a2a2a] py-2.5\" data-testid=\"writing-block-header-surface\">\n<div class=\"flex grow gap-3 items-center\">\n<div class=\"text-token-text-tertiary flex max-w-[75%] min-w-0 grow cursor-default items-center self-center text-sm font-medium\">\n<div class=\"truncate\"><\/div>\n<\/div>\n<\/div>\n<div class=\"flex shrink-0 items-center\">\n<div class=\"flex items-center\"><\/div>\n<\/div>\n<\/div>\n<\/div>\n<div class=\"writing-block-editor markdown-new-styling relative flow-root pt-(--writing-block-editor-pt) pe-(--writing-block-editor-pr) pb-(--writing-block-editor-pb) ps-(--writing-block-editor-pl)\">\n<div class=\"ProseMirror markdown prose dark:prose-invert w-full min-h-6 break-words focus:outline-none\" dir=\"auto\" contenteditable=\"true\" translate=\"no\" aria-disabled=\"false\">\n<p>Blush pluhur me finish luminous q\u00eb jep nj\u00eb shk\u00eblqim natyral dhe ngjyr\u00eb t\u00eb nd\u00ebrtueshme. Tekstur\u00eb ultra e but\u00eb q\u00eb p\u00ebrzihet leht\u00ebsisht, p\u00ebr nj\u00eb pamje t\u00eb fresk\u00ebt dhe rrezatuese gjat\u00eb gjith\u00eb dit\u00ebs.<\/p>\n<\/div>\n<\/div>\n<div class=\"pointer-events-none absolute inset-0 z-2 rounded-[24px] shadow-[inset_0px_0px_0px_1px_rgba(0,0,0,0.07)]\" aria-hidden=\"true\"><\/div>\n","protected":false},"featured_media":10682,"comment_status":"open","ping_status":"closed","template":"","meta":[],"product_brand":[155],"product_cat":[145,96,179],"product_tag":[],"class_list":{"0":"post-10681","1":"product","2":"type-product","3":"status-publish","4":"has-post-thumbnail","6":"product_brand-rare-beauty","7":"product_cat-blush","8":"product_cat-makeup","9":"product_cat-new-colletion","12":"instock","13":"shipping-taxable","14":"purchasable","15":"product-type-simple"},"_links":{"self":[{"href":"https:\/\/perleibeauty.com\/sq\/wp-json\/wp\/v2\/product\/10681","targetHints":{"allow":["GET"]}}],"collection":[{"href":"https:\/\/perleibeauty.com\/sq\/wp-json\/wp\/v2\/product"}],"about":[{"href":"https:\/\/perleibeauty.com\/sq\/wp-json\/wp\/v2\/types\/product"}],"replies":[{"embeddable":true,"href":"https:\/\/perleibeauty.com\/sq\/wp-json\/wp\/v2\/comments?post=10681"}],"version-history":[{"count":1,"href":"https:\/\/perleibeauty.com\/sq\/wp-json\/wp\/v2\/product\/10681\/revisions"}],"predecessor-version":[{"id":10687,"href":"https:\/\/perleibeauty.com\/sq\/wp-json\/wp\/v2\/product\/10681\/revisions\/10687"}],"wp:featuredmedia":[{"embeddable":true,"href":"https:\/\/perleibeauty.com\/sq\/wp-json\/wp\/v2\/media\/10682"}],"wp:attachment":[{"href":"https:\/\/perleibeauty.com\/sq\/wp-json\/wp\/v2\/media?parent=10681"}],"wp:term":[{"taxonomy":"product_brand","embeddable":true,"href":"https:\/\/perleibeauty.com\/sq\/wp-json\/wp\/v2\/product_brand?post=10681"},{"taxonomy":"product_cat","embeddable":true,"href":"https:\/\/perleibeauty.com\/sq\/wp-json\/wp\/v2\/product_cat?post=10681"},{"taxonomy":"product_tag","embeddable":true,"href":"https:\/\/perleibeauty.com\/sq\/wp-json\/wp\/v2\/product_tag?post=10681"}],"curies":[{"name":"wp","href":"https:\/\/api.w.org\/{rel}","templated":true}]}}