{"id":10642,"date":"2026-04-02T11:50:23","date_gmt":"2026-04-02T11:50:23","guid":{"rendered":"https:\/\/perleibeauty.com\/?post_type=product&#038;p=10642"},"modified":"2026-04-02T11:50:23","modified_gmt":"2026-04-02T11:50:23","slug":"nars-the-multiple-sculpting-stick-contur-laguna","status":"publish","type":"product","link":"https:\/\/perleibeauty.com\/sq\/produkt\/nars-the-multiple-sculpting-stick-contur-laguna\/","title":{"rendered":"NARS The Multiple Sculpting Stick CONTUR | LAGUNA"},"content":{"rendered":"<p data-start=\"164\" data-end=\"662\">Transformo pamjen e fytyr\u00ebs me <strong data-start=\"195\" data-end=\"242\">NARS The Multiple Sculpting Stick \u2013 Contour<\/strong>, nj\u00eb produkt shum\u00ebfunksional i krijuar p\u00ebr <strong data-start=\"286\" data-end=\"322\">konturim dhe form\u00ebsim t\u00eb fytyr\u00ebs<\/strong> me nj\u00eb finish natyral dhe t\u00eb leht\u00eb p\u00ebr tu shp\u00ebrndar\u00eb. Ky stick i kremt\u00eb dhe pigmentuar lejon t\u00eb theksoni vijat natyrale t\u00eb fytyr\u00ebs, duke krijuar dimension dhe shk\u00eblqim t\u00eb kontrolluar, pa e r\u00ebnduar l\u00ebkur\u00ebn. I p\u00ebrshtatsh\u00ebm p\u00ebr \u00e7do tip l\u00ebkure dhe \u00e7do ngjyr\u00eb, ofron fleksibilitet p\u00ebr p\u00ebrdorim si kontur, bronzer, ose hije t\u00eb lehta sculptimi.<\/p>\n<h3 data-section-id=\"dohru4\" data-start=\"664\" data-end=\"690\">\ud83c\udf1f P\u00ebrfitimet kryesore<\/h3>\n<ul data-start=\"691\" data-end=\"1154\">\n<li data-section-id=\"a8kmac\" data-start=\"691\" data-end=\"781\"><strong data-start=\"693\" data-end=\"726\">Konturim i leht\u00eb dhe natyral:<\/strong> P\u00ebr vizualizim t\u00eb dimensionit dhe form\u00ebs s\u00eb fytyr\u00ebs.<\/li>\n<li data-section-id=\"1i96ir3\" data-start=\"782\" data-end=\"876\"><strong data-start=\"784\" data-end=\"815\">Formul\u00eb kremi e pigmentuar:<\/strong> Thjesht\u00eb p\u00ebr tu shp\u00ebrndar\u00eb dhe p\u00ebrzier pa shenja t\u00eb forta.<\/li>\n<li data-section-id=\"1d6qlf3\" data-start=\"877\" data-end=\"964\"><strong data-start=\"879\" data-end=\"900\">Multi-funksional:<\/strong> Mund t\u00eb p\u00ebrdoret si kontur, bronzer apo p\u00ebr shading t\u00eb leht\u00eb.<\/li>\n<li data-section-id=\"5n2tw9\" data-start=\"965\" data-end=\"1076\"><strong data-start=\"967\" data-end=\"1005\">I p\u00ebrshtatsh\u00ebm p\u00ebr \u00e7do tip l\u00ebkure:<\/strong> Leht\u00eb p\u00ebr tu aplikuar mbi l\u00ebkur\u00eb t\u00eb that\u00eb, normale apo t\u00eb yndyrshme.<\/li>\n<li data-section-id=\"w5of75\" data-start=\"1077\" data-end=\"1154\"><strong data-start=\"1079\" data-end=\"1104\">Portabil dhe praktik:<\/strong> Ideal p\u00ebr touch-ups gjat\u00eb dit\u00ebs ose udh\u00ebtimesh.<\/li>\n<\/ul>\n<h3 data-section-id=\"1ctgw31\" data-start=\"1156\" data-end=\"1200\">\ud83e\uddea P\u00ebrb\u00ebr\u00ebs kryesor dhe funksioni i tyre<\/h3>\n<ul data-start=\"1201\" data-end=\"1591\">\n<li data-section-id=\"1oo4j1v\" data-start=\"1201\" data-end=\"1271\"><strong data-start=\"1203\" data-end=\"1219\">Dimethicone:<\/strong> Siguron aplikim t\u00eb qet\u00eb dhe shp\u00ebrndarje uniforme.<\/li>\n<li data-section-id=\"1y215t5\" data-start=\"1272\" data-end=\"1390\"><strong data-start=\"1274\" data-end=\"1336\">Hydrogenated Polyisobutene &amp; Caprylic\/Capric Triglyceride:<\/strong> Emolient\u00eb q\u00eb japin ndjesi t\u00eb but\u00eb dhe t\u00eb hidratuar.<\/li>\n<li data-section-id=\"15yl0lr\" data-start=\"1391\" data-end=\"1492\"><strong data-start=\"1393\" data-end=\"1428\">Iron Oxides &amp; Titanium Dioxide:<\/strong> Pigment\u00eb t\u00eb pasur p\u00ebr kontur t\u00eb natyrsh\u00ebm dhe t\u00eb q\u00ebndruesh\u00ebm.<\/li>\n<li data-section-id=\"6lt5ab\" data-start=\"1493\" data-end=\"1591\"><strong data-start=\"1495\" data-end=\"1537\">Preservant\u00eb t\u00eb but\u00eb dhe antioksidant\u00eb:<\/strong> Sigurojn\u00eb freskin\u00eb dhe q\u00ebndrueshm\u00ebrin\u00eb e produktit.<\/li>\n<\/ul>\n<h3 data-section-id=\"1mgw6xw\" data-start=\"1593\" data-end=\"1615\">\ud83e\ude84 P\u00ebrdorimi ideal<\/h3>\n<ol data-start=\"1616\" data-end=\"1837\">\n<li data-section-id=\"1nw148t\" data-start=\"1616\" data-end=\"1693\">Aplikoni direkt n\u00eb zonat q\u00eb d\u00ebshironi t\u00eb konturoni (faqe, nofull, ball).<\/li>\n<li data-section-id=\"1nuxskf\" data-start=\"1694\" data-end=\"1759\">Shp\u00ebrndani me brush ose sfungjer p\u00ebr nj\u00eb efekt t\u00eb natyrsh\u00ebm.<\/li>\n<li data-section-id=\"1ig4s5\" data-start=\"1760\" data-end=\"1837\">Mund t\u00eb kombinohet me highlighter p\u00ebr t\u00eb theksuar dimensionin e fytyr\u00ebs.<\/li>\n<\/ol>\n<p data-start=\"1839\" data-end=\"2126\"><strong data-start=\"1839\" data-end=\"1855\">P\u00ebrmbledhje:<\/strong><br data-start=\"1855\" data-end=\"1858\" \/>Ky stick konturimi \u00ebsht\u00eb nj\u00eb <strong data-start=\"1887\" data-end=\"1925\">must-have p\u00ebr \u00e7do rutin\u00eb makijazhi<\/strong>, duke ofruar fleksibilitet, pigment t\u00eb pasur dhe nj\u00eb finish natyral q\u00eb q\u00ebndron gjat\u00eb gjith\u00eb dit\u00ebs. Ideal p\u00ebr p\u00ebrdorim t\u00eb p\u00ebrditsh\u00ebm ose raste speciale kur d\u00ebshironi fytyr\u00eb t\u00eb form\u00ebsuar dhe elegante.<\/p>","protected":false},"excerpt":{"rendered":"<p>Transformo pamjen e fytyr\u00ebs me NARS The Multiple Sculpting Stick \u2013 Contour, nj\u00eb produkt shum\u00ebfunksional i krijuar p\u00ebr konturim dhe form\u00ebsim t\u00eb fytyr\u00ebs me nj\u00eb finish natyral dhe t\u00eb leht\u00eb p\u00ebr tu shp\u00ebrndar\u00eb. Ky stick i kremt\u00eb dhe pigmentuar lejon t\u00eb theksoni vijat natyrale t\u00eb fytyr\u00ebs, duke krijuar dimension dhe shk\u00eblqim t\u00eb kontrolluar, pa e &hellip; <a href=\"https:\/\/perleibeauty.com\/sq\/produkt\/nars-the-multiple-sculpting-stick-contur-laguna\/\" class=\"more-link\">Continue reading <span class=\"screen-reader-text\">NARS The Multiple Sculpting Stick CONTUR | LAGUNA<\/span><\/a><\/p>","protected":false},"featured_media":10653,"comment_status":"open","ping_status":"closed","template":"","meta":[],"product_brand":[114],"product_cat":[181,96,179],"product_tag":[],"class_list":{"0":"post-10642","1":"product","2":"type-product","3":"status-publish","4":"has-post-thumbnail","6":"product_brand-nars","7":"product_cat-contour","8":"product_cat-makeup","9":"product_cat-new-colletion","12":"instock","13":"shipping-taxable","14":"purchasable","15":"product-type-simple"},"_links":{"self":[{"href":"https:\/\/perleibeauty.com\/sq\/wp-json\/wp\/v2\/product\/10642","targetHints":{"allow":["GET"]}}],"collection":[{"href":"https:\/\/perleibeauty.com\/sq\/wp-json\/wp\/v2\/product"}],"about":[{"href":"https:\/\/perleibeauty.com\/sq\/wp-json\/wp\/v2\/types\/product"}],"replies":[{"embeddable":true,"href":"https:\/\/perleibeauty.com\/sq\/wp-json\/wp\/v2\/comments?post=10642"}],"version-history":[{"count":1,"href":"https:\/\/perleibeauty.com\/sq\/wp-json\/wp\/v2\/product\/10642\/revisions"}],"predecessor-version":[{"id":10655,"href":"https:\/\/perleibeauty.com\/sq\/wp-json\/wp\/v2\/product\/10642\/revisions\/10655"}],"wp:featuredmedia":[{"embeddable":true,"href":"https:\/\/perleibeauty.com\/sq\/wp-json\/wp\/v2\/media\/10653"}],"wp:attachment":[{"href":"https:\/\/perleibeauty.com\/sq\/wp-json\/wp\/v2\/media?parent=10642"}],"wp:term":[{"taxonomy":"product_brand","embeddable":true,"href":"https:\/\/perleibeauty.com\/sq\/wp-json\/wp\/v2\/product_brand?post=10642"},{"taxonomy":"product_cat","embeddable":true,"href":"https:\/\/perleibeauty.com\/sq\/wp-json\/wp\/v2\/product_cat?post=10642"},{"taxonomy":"product_tag","embeddable":true,"href":"https:\/\/perleibeauty.com\/sq\/wp-json\/wp\/v2\/product_tag?post=10642"}],"curies":[{"name":"wp","href":"https:\/\/api.w.org\/{rel}","templated":true}]}}