{"id":10328,"date":"2026-03-11T12:27:07","date_gmt":"2026-03-11T12:27:07","guid":{"rendered":"https:\/\/perleibeauty.com\/?post_type=product&#038;p=10328"},"modified":"2026-04-01T11:49:06","modified_gmt":"2026-04-01T11:49:06","slug":"lancome-idole-leau-de-toilette-100ml","status":"publish","type":"product","link":"https:\/\/perleibeauty.com\/sq\/produkt\/lancome-idole-leau-de-toilette-100ml\/","title":{"rendered":"LANCOME ID\u00d4LE L&#8217;EAU DE TOILETTE 100ML"},"content":{"rendered":"<p data-start=\"212\" data-end=\"611\"><strong data-start=\"212\" data-end=\"233\">Lanc\u00f4me Id\u00f4le Now<\/strong> \u00ebsht\u00eb nj\u00eb <strong data-start=\"244\" data-end=\"327\">Eau de Parfum florale moderne e frym\u00ebzuar nga natyra dhe p\u00ebrforcuar nga shkenca<\/strong>, krijuar p\u00ebr t\u00eb shprehur fuqin\u00eb dhe energjin\u00eb e grave t\u00eb sotme. Kjo arom\u00eb kombinon p\u00ebrb\u00ebr\u00ebs natyral\u00eb t\u00eb zgjedhur me kujdes me teknologji t\u00eb avancuar p\u00ebr t\u00eb ofruar nj\u00eb sillage (hije aromatike) t\u00eb ndritshme, t\u00ebrheq\u00ebse dhe jasht\u00ebzakonisht fem\u00ebrore.<\/p>\n<p data-start=\"613\" data-end=\"870\">\ud83c\udf3f <strong data-start=\"616\" data-end=\"630\">Frym\u00ebzimi:<\/strong><br data-start=\"630\" data-end=\"633\" \/>Aroma \u00ebsht\u00eb konceptuar si nj\u00eb p\u00ebrzierje e natyr\u00ebs me inovacionin \u2014 duke p\u00ebrdorur p\u00ebrb\u00ebr\u00ebs q\u00eb p\u00ebrmbajn\u00eb elemente t\u00eb q\u00ebndrueshme dhe bioteknologji p\u00ebr t\u00eb sjell\u00eb nj\u00eb dimension t\u00eb ri n\u00eb parfumet florale.<\/p>\n<p data-start=\"872\" data-end=\"920\">\ud83c\udf39 <strong data-start=\"875\" data-end=\"918\">P\u00ebrb\u00ebr\u00ebsit kryesor\u00eb dhe nota aromatike:<\/strong><\/p>\n<ul data-start=\"921\" data-end=\"1398\">\n<li data-section-id=\"ui2i21\" data-start=\"921\" data-end=\"1045\">\n<p data-start=\"923\" data-end=\"1045\"><strong data-start=\"923\" data-end=\"945\">Nota e par\u00eb (Top):<\/strong> Lule tr\u00ebndafili \u2014 p\u00ebr nj\u00eb freski t\u00eb ndritshme dhe elegante.<\/p>\n<\/li>\n<li data-section-id=\"1tg9637\" data-start=\"1046\" data-end=\"1217\">\n<p data-start=\"1048\" data-end=\"1217\"><strong data-start=\"1048\" data-end=\"1073\">Nota e mesme (Heart):<\/strong> <strong data-start=\"1074\" data-end=\"1097\">Orkide nga Malajzia<\/strong>, e kapur me teknologjin\u00eb <em data-start=\"1123\" data-end=\"1134\">headspace<\/em> p\u00ebr t\u00eb ruajtur dimensionet e saj natyrore.<\/p>\n<\/li>\n<li data-section-id=\"pq0na3\" data-start=\"1218\" data-end=\"1398\">\n<p data-start=\"1220\" data-end=\"1398\"><strong data-start=\"1220\" data-end=\"1245\">Nota e fundit (Base):<\/strong> Infuzion vanilje nga <strong data-start=\"1267\" data-end=\"1281\">Madagascar<\/strong> e p\u00ebrforcuar bioteknologjikisht p\u00ebr nj\u00eb fund t\u00eb ngroht\u00eb, t\u00eb \u00ebmb\u00ebl dhe sensuel.<\/p>\n<\/li>\n<\/ul>\n<p data-start=\"1400\" data-end=\"1439\">\ud83c\udf43 <strong data-start=\"1403\" data-end=\"1437\">Karakteristika t\u00eb r\u00ebnd\u00ebsishme:<\/strong><\/p>\n<ul data-start=\"1440\" data-end=\"1869\">\n<li data-section-id=\"3q32xr\" data-start=\"1440\" data-end=\"1556\">\n<p data-start=\"1442\" data-end=\"1556\">Id\u00f4le Now bashkon <strong data-start=\"1460\" data-end=\"1484\">natyr\u00ebn dhe shkenc\u00ebn<\/strong> p\u00ebr nj\u00eb kompozim aromatik unik.<\/p>\n<\/li>\n<li data-section-id=\"xcr2el\" data-start=\"1557\" data-end=\"1683\">\n<p data-start=\"1559\" data-end=\"1683\">Notat krijojn\u00eb nj\u00eb <strong data-start=\"1578\" data-end=\"1614\">sillage t\u00eb ndritshme dhe josh\u00ebse<\/strong> q\u00eb zgjat gjat\u00eb gjith\u00eb dit\u00ebs.<\/p>\n<\/li>\n<li data-section-id=\"ei00id\" data-start=\"1684\" data-end=\"1869\">\n<p data-start=\"1686\" data-end=\"1869\">Flakoni \u00ebsht\u00eb i dizajnuar me fokus n\u00eb <strong data-start=\"1724\" data-end=\"1754\">q\u00ebndrueshm\u00ebri dhe riciklim<\/strong> \u2014 p\u00ebrmban xham t\u00eb ricikluar dhe \u00ebsht\u00eb i b\u00ebr\u00eb p\u00ebr t\u2019u p\u00ebrdorur me thjesht\u00ebsi.<\/p>\n<\/li>\n<\/ul>\n<p data-start=\"1871\" data-end=\"2144\">\u2728 Kjo arom\u00eb feston gruan q\u00eb <strong data-start=\"1899\" data-end=\"1959\">shpreh vet\u00ebvler\u00ebsimin dhe krijimin e bot\u00ebs s\u00eb s\u00eb ardhmes<\/strong>, duke e b\u00ebr\u00eb at\u00eb nj\u00eb zgjedhje perfekte p\u00ebr p\u00ebrdorim t\u00eb p\u00ebrditsh\u00ebm apo raste t\u00eb ve\u00e7anta \u2014 me nj\u00eb arom\u00eb t\u00eb ndritshme, sofistikuar dhe t\u00eb p\u00eblqyeshme<\/p>","protected":false},"excerpt":{"rendered":"<p><strong data-start=\"70\" data-end=\"105\">Lanc\u00f4me Id\u00f4le Now Eau de Parfum<\/strong> \u2013 Nj\u00eb parfum modern dhe floral p\u00ebr femra, q\u00eb kombinon freskin\u00eb e tr\u00ebndafilit, eleganc\u00ebn e orkides\u00eb dhe ngroht\u00ebsin\u00eb e vaniljes p\u00ebr nj\u00eb arom\u00eb t\u00eb ndritshme, sensuale dhe t\u00eb paharrueshme.<\/p>","protected":false},"featured_media":10333,"comment_status":"open","ping_status":"closed","template":"","meta":[],"product_brand":[116],"product_cat":[177,179,104],"product_tag":[],"class_list":{"0":"post-10328","1":"product","2":"type-product","3":"status-publish","4":"has-post-thumbnail","6":"product_brand-lancome","7":"product_cat-bodycare","8":"product_cat-new-colletion","9":"product_cat-perfume","12":"instock","13":"shipping-taxable","14":"purchasable","15":"product-type-simple"},"_links":{"self":[{"href":"https:\/\/perleibeauty.com\/sq\/wp-json\/wp\/v2\/product\/10328","targetHints":{"allow":["GET"]}}],"collection":[{"href":"https:\/\/perleibeauty.com\/sq\/wp-json\/wp\/v2\/product"}],"about":[{"href":"https:\/\/perleibeauty.com\/sq\/wp-json\/wp\/v2\/types\/product"}],"replies":[{"embeddable":true,"href":"https:\/\/perleibeauty.com\/sq\/wp-json\/wp\/v2\/comments?post=10328"}],"version-history":[{"count":1,"href":"https:\/\/perleibeauty.com\/sq\/wp-json\/wp\/v2\/product\/10328\/revisions"}],"predecessor-version":[{"id":10334,"href":"https:\/\/perleibeauty.com\/sq\/wp-json\/wp\/v2\/product\/10328\/revisions\/10334"}],"wp:featuredmedia":[{"embeddable":true,"href":"https:\/\/perleibeauty.com\/sq\/wp-json\/wp\/v2\/media\/10333"}],"wp:attachment":[{"href":"https:\/\/perleibeauty.com\/sq\/wp-json\/wp\/v2\/media?parent=10328"}],"wp:term":[{"taxonomy":"product_brand","embeddable":true,"href":"https:\/\/perleibeauty.com\/sq\/wp-json\/wp\/v2\/product_brand?post=10328"},{"taxonomy":"product_cat","embeddable":true,"href":"https:\/\/perleibeauty.com\/sq\/wp-json\/wp\/v2\/product_cat?post=10328"},{"taxonomy":"product_tag","embeddable":true,"href":"https:\/\/perleibeauty.com\/sq\/wp-json\/wp\/v2\/product_tag?post=10328"}],"curies":[{"name":"wp","href":"https:\/\/api.w.org\/{rel}","templated":true}]}}