{"id":10323,"date":"2026-03-11T12:23:13","date_gmt":"2026-03-11T12:23:13","guid":{"rendered":"https:\/\/perleibeauty.com\/?post_type=product&#038;p=10323"},"modified":"2026-04-01T11:49:06","modified_gmt":"2026-04-01T11:49:06","slug":"lancome-idole-now-eau-de-parfum-50ml","status":"publish","type":"product","link":"https:\/\/perleibeauty.com\/sq\/produkt\/lancome-idole-now-eau-de-parfum-50ml\/","title":{"rendered":"LANCOME Id\u00f4le Now Eau de Parfum 50ML"},"content":{"rendered":"<p data-start=\"0\" data-end=\"610\">Lanc\u00f4me Id\u00f4le Now Eau de Parfum \u00ebsht\u00eb nj\u00eb parfum floral modern dhe i fuqish\u00ebm p\u00ebr femra q\u00eb sjell n\u00eb pah nj\u00eb kombinim t\u00eb natyr\u00ebs dhe shkenc\u00ebs, i projektuar p\u00ebr grat\u00eb q\u00eb dijn\u00eb t\u00eb sfidojn\u00eb status quo\u2011n\u00eb dhe t\u00eb shprehin veten me besim. Arom\u00eb e lan\u00e7uar n\u00eb vitin 2023, kjo kompozim elegante dhe inovative shquhet p\u00ebr p\u00ebrdorimin e p\u00ebrb\u00ebr\u00ebsve t\u00eb q\u00ebndruesh\u00ebm dhe teknologjive t\u00eb avancuara (p.sh., p\u00ebrfitohet uji i distiluar i tr\u00ebndafilit q\u00eb zakonisht hidhet) p\u00ebr t\u00eb theksuar freskin\u00eb dhe intensitetin e luleve.<\/p>\n<p data-start=\"612\" data-end=\"1093\">N\u00eb notat e saj, Id\u00f4le Now p\u00ebrmban nj\u00eb hapje t\u00eb fuqishme me tr\u00ebndafila t\u00eb lart\u00ebzuar p\u00ebr nj\u00eb freski t\u00eb ndritshme, nj\u00eb zem\u00ebr me orkide t\u00eb Mylais\u00eb q\u00eb sjell eleganc\u00eb dhe nuanca t\u00eb ngrohta lulesh, dhe nj\u00eb fund t\u00eb thell\u00eb e sensuel me vanilje nga Madagascar e p\u00ebrmir\u00ebsuar bioteknologjikisht \u2014 duke krijuar nj\u00eb shtres\u00eb aromatike q\u00eb \u00ebsht\u00eb si e ndritshme, ashtu edhe e thell\u00eb, ideale p\u00ebr ta b\u00ebr\u00eb pranin\u00eb t\u00ebndje t\u00eb ndjehet dhe t\u00eb mbetet gjat\u00eb gjith\u00eb dit\u00ebs.<\/p>\n<p data-start=\"1095\" data-end=\"1498\">Flakoni i k\u00ebtij parfumi \u00ebsht\u00eb gjithashtu nj\u00eb element ikonik \u2014 nj\u00eb dizajn shum\u00eb i holl\u00eb dhe elegant, me nj\u00eb lajm\u00ebngjyr\u00eb ngjyr\u00eb portokalli frym\u00ebzuar nga drita e agimit, q\u00eb simbolizon energjin\u00eb e re dhe fillimin e nj\u00eb dite t\u00eb re. Id\u00f4le Now nuk \u00ebsht\u00eb thjesht nj\u00eb arom\u00eb, por nj\u00eb deklarat\u00eb stili dhe fuqie p\u00ebr grat\u00eb q\u00eb duan t\u00eb bartin nj\u00eb arom\u00eb t\u00eb paharrueshme dhe moderne<\/p>","protected":false},"excerpt":{"rendered":"<p data-start=\"1505\" data-end=\"1922\">Lanc\u00f4me Id\u00f4le Now Eau de Parfum \u00ebsht\u00eb nj\u00eb parfum floral dhe modern p\u00ebr femra, i krijuar p\u00ebr t\u2019iu p\u00ebrgjigjur personalitetit t\u00eb fuqish\u00ebm dhe t\u00eb sigurt. Ai kombinon freskin\u00eb e tr\u00ebndafilit t\u00eb ndritsh\u00ebm, eleganc\u00ebn delikate t\u00eb orkides\u00eb dhe ngroht\u00ebsin\u00eb e vaniljes, duke krijuar nj\u00eb arom\u00eb t\u00eb ndritshme, sensuale dhe t\u00eb paharrueshme q\u00eb zgjat gjat\u00eb gjith\u00eb dit\u00ebs.<\/p>","protected":false},"featured_media":10324,"comment_status":"open","ping_status":"closed","template":"","meta":[],"product_brand":[116],"product_cat":[177,179,104],"product_tag":[],"class_list":{"0":"post-10323","1":"product","2":"type-product","3":"status-publish","4":"has-post-thumbnail","6":"product_brand-lancome","7":"product_cat-bodycare","8":"product_cat-new-colletion","9":"product_cat-perfume","12":"instock","13":"shipping-taxable","14":"purchasable","15":"product-type-simple"},"_links":{"self":[{"href":"https:\/\/perleibeauty.com\/sq\/wp-json\/wp\/v2\/product\/10323","targetHints":{"allow":["GET"]}}],"collection":[{"href":"https:\/\/perleibeauty.com\/sq\/wp-json\/wp\/v2\/product"}],"about":[{"href":"https:\/\/perleibeauty.com\/sq\/wp-json\/wp\/v2\/types\/product"}],"replies":[{"embeddable":true,"href":"https:\/\/perleibeauty.com\/sq\/wp-json\/wp\/v2\/comments?post=10323"}],"version-history":[{"count":1,"href":"https:\/\/perleibeauty.com\/sq\/wp-json\/wp\/v2\/product\/10323\/revisions"}],"predecessor-version":[{"id":10327,"href":"https:\/\/perleibeauty.com\/sq\/wp-json\/wp\/v2\/product\/10323\/revisions\/10327"}],"wp:featuredmedia":[{"embeddable":true,"href":"https:\/\/perleibeauty.com\/sq\/wp-json\/wp\/v2\/media\/10324"}],"wp:attachment":[{"href":"https:\/\/perleibeauty.com\/sq\/wp-json\/wp\/v2\/media?parent=10323"}],"wp:term":[{"taxonomy":"product_brand","embeddable":true,"href":"https:\/\/perleibeauty.com\/sq\/wp-json\/wp\/v2\/product_brand?post=10323"},{"taxonomy":"product_cat","embeddable":true,"href":"https:\/\/perleibeauty.com\/sq\/wp-json\/wp\/v2\/product_cat?post=10323"},{"taxonomy":"product_tag","embeddable":true,"href":"https:\/\/perleibeauty.com\/sq\/wp-json\/wp\/v2\/product_tag?post=10323"}],"curies":[{"name":"wp","href":"https:\/\/api.w.org\/{rel}","templated":true}]}}