{"id":10313,"date":"2026-03-11T12:14:21","date_gmt":"2026-03-11T12:14:21","guid":{"rendered":"https:\/\/perleibeauty.com\/?post_type=product&#038;p=10313"},"modified":"2026-04-02T10:16:18","modified_gmt":"2026-04-02T10:16:18","slug":"victoria-beckham-the-concealer-pen-with-tfc8-pa-kuti","status":"publish","type":"product","link":"https:\/\/perleibeauty.com\/sq\/produkt\/victoria-beckham-the-concealer-pen-with-tfc8-pa-kuti\/","title":{"rendered":"VICTORIA BECKHAM The Concealer Pen with TFC8\u00ae (PA KUTI )"},"content":{"rendered":"<p data-start=\"153\" data-end=\"508\"><strong data-start=\"153\" data-end=\"202\">Victoria Beckham The Concealer Pen with TFC8\u00ae<\/strong> \u00ebsht\u00eb stilolapsi luksoz i dizajnuar p\u00ebr t\u00eb krijuar nj\u00eb pamje t\u00eb p\u00ebrsosur dhe natyrale. Me teknologjin\u00eb e avancuar <strong data-start=\"317\" data-end=\"326\">TFC8\u00ae<\/strong>, kjo concealer p\u00ebrmban peptide dhe antioksidant\u00eb q\u00eb ndihmojn\u00eb n\u00eb rigjenerimin e l\u00ebkur\u00ebs, zvog\u00eblojn\u00eb dukshm\u00ebrin\u00eb e rrath\u00ebve t\u00eb zinj dhe rafshojn\u00eb linjat e im\u00ebta me kalimin e koh\u00ebs.<\/p>\n<p data-start=\"510\" data-end=\"863\">Aplikatori preciz lejon mbulim t\u00eb q\u00ebndruesh\u00ebm dhe t\u00eb kontrolluar, duke korrigjuar pap\u00ebrsosm\u00ebrit\u00eb pa krijuar trashje ose efekt t\u00eb r\u00ebnd\u00eb. Tekstura e leht\u00eb p\u00ebrthithet menj\u00ebher\u00eb dhe l\u00eb l\u00ebkur\u00ebn t\u00eb duket e ndritshme, e fresk\u00ebt dhe e barabart\u00eb. Ideale p\u00ebr \u00e7do moment t\u00eb dit\u00ebs, The Concealer Pen \u00ebsht\u00eb sekreti p\u00ebr nj\u00eb pamje elegante, natyrale dhe sofistikuar.<\/p>\n<p data-start=\"865\" data-end=\"891\"><strong data-start=\"865\" data-end=\"889\">P\u00ebrfitimet kryesore:<\/strong><\/p>\n<ul data-start=\"892\" data-end=\"1115\">\n<li data-section-id=\"do58be\" data-start=\"892\" data-end=\"934\">\n<p data-start=\"894\" data-end=\"934\">Mbulim i q\u00ebndruesh\u00ebm me finish natyral<\/p>\n<\/li>\n<li data-section-id=\"3yuhrw\" data-start=\"935\" data-end=\"981\">\n<p data-start=\"937\" data-end=\"981\">Redukton rrath\u00ebt e zinj dhe pap\u00ebrsosm\u00ebrit\u00eb<\/p>\n<\/li>\n<li data-section-id=\"1ggmyq8\" data-start=\"982\" data-end=\"1032\">\n<p data-start=\"984\" data-end=\"1032\">P\u00ebrmban TFC8\u00ae p\u00ebr rigjenerim dhe antioksidant\u00eb<\/p>\n<\/li>\n<li data-section-id=\"j5shp\" data-start=\"1033\" data-end=\"1072\">\n<p data-start=\"1035\" data-end=\"1072\">Tekstur\u00eb e leht\u00eb dhe e p\u00ebrthithshme<\/p>\n<\/li>\n<li data-section-id=\"189uq9i\" data-start=\"1073\" data-end=\"1115\">\n<p data-start=\"1075\" data-end=\"1115\">Aplikim preciz p\u00ebr \u00e7do zon\u00eb t\u00eb fytyr<\/p>\n<\/li>\n<\/ul>","protected":false},"excerpt":{"rendered":"<p data-start=\"1157\" data-end=\"1329\"><strong data-start=\"1157\" data-end=\"1206\">Victoria Beckham The Concealer Pen with TFC8\u00ae<\/strong> \u2013 stilolaps luksoz q\u00eb mbulon rrath\u00ebt e zinj dhe pap\u00ebrsosm\u00ebrit\u00eb, duke l\u00ebn\u00eb l\u00ebkur\u00ebn t\u00eb fresk\u00ebt, t\u00eb ndritshme dhe natyrale.<\/p>","protected":false},"featured_media":10320,"comment_status":"open","ping_status":"closed","template":"","meta":[],"product_brand":[183],"product_cat":[129,96,179],"product_tag":[],"class_list":{"0":"post-10313","1":"product","2":"type-product","3":"status-publish","4":"has-post-thumbnail","6":"product_brand-victoria-beckham","7":"product_cat-concealer","8":"product_cat-makeup","9":"product_cat-new-colletion","12":"instock","13":"shipping-taxable","14":"purchasable","15":"product-type-variable"},"_links":{"self":[{"href":"https:\/\/perleibeauty.com\/sq\/wp-json\/wp\/v2\/product\/10313","targetHints":{"allow":["GET"]}}],"collection":[{"href":"https:\/\/perleibeauty.com\/sq\/wp-json\/wp\/v2\/product"}],"about":[{"href":"https:\/\/perleibeauty.com\/sq\/wp-json\/wp\/v2\/types\/product"}],"replies":[{"embeddable":true,"href":"https:\/\/perleibeauty.com\/sq\/wp-json\/wp\/v2\/comments?post=10313"}],"version-history":[{"count":1,"href":"https:\/\/perleibeauty.com\/sq\/wp-json\/wp\/v2\/product\/10313\/revisions"}],"predecessor-version":[{"id":10322,"href":"https:\/\/perleibeauty.com\/sq\/wp-json\/wp\/v2\/product\/10313\/revisions\/10322"}],"wp:featuredmedia":[{"embeddable":true,"href":"https:\/\/perleibeauty.com\/sq\/wp-json\/wp\/v2\/media\/10320"}],"wp:attachment":[{"href":"https:\/\/perleibeauty.com\/sq\/wp-json\/wp\/v2\/media?parent=10313"}],"wp:term":[{"taxonomy":"product_brand","embeddable":true,"href":"https:\/\/perleibeauty.com\/sq\/wp-json\/wp\/v2\/product_brand?post=10313"},{"taxonomy":"product_cat","embeddable":true,"href":"https:\/\/perleibeauty.com\/sq\/wp-json\/wp\/v2\/product_cat?post=10313"},{"taxonomy":"product_tag","embeddable":true,"href":"https:\/\/perleibeauty.com\/sq\/wp-json\/wp\/v2\/product_tag?post=10313"}],"curies":[{"name":"wp","href":"https:\/\/api.w.org\/{rel}","templated":true}]}}