{"id":10304,"date":"2026-03-11T12:03:56","date_gmt":"2026-03-11T12:03:56","guid":{"rendered":"https:\/\/perleibeauty.com\/?post_type=product&#038;p=10304"},"modified":"2026-04-01T12:26:48","modified_gmt":"2026-04-01T12:26:48","slug":"laura-mercier-translucent-loose-setting-powder-29g","status":"publish","type":"product","link":"https:\/\/perleibeauty.com\/sq\/produkt\/laura-mercier-translucent-loose-setting-powder-29g\/","title":{"rendered":"LAURA MERCIER Translucent Loose Setting Powder 29g"},"content":{"rendered":"<p data-start=\"170\" data-end=\"478\"><strong data-start=\"170\" data-end=\"220\">Laura Mercier Translucent Loose Setting Powder<\/strong> \u00ebsht\u00eb pudra e famshme \u201cmust-have\u201d q\u00eb siguron nj\u00eb finish perfekt, t\u00eb qet\u00eb dhe t\u00eb q\u00ebndruesh\u00ebm p\u00ebr \u00e7do lloj l\u00ebkure. Tekstura e saj ultra e leht\u00eb p\u00ebrthithet menj\u00ebher\u00eb pa krijuar trashje, duke kontrolluar shk\u00eblqimin dhe duke vendosur makeup-in p\u00ebr or\u00eb t\u00eb t\u00ebra.<\/p>\n<p data-start=\"480\" data-end=\"902\">Pudra ka nj\u00eb efekt <strong data-start=\"499\" data-end=\"507\">blur<\/strong> q\u00eb redukton dukshm\u00ebrin\u00eb e poreve dhe rrudhave t\u00eb im\u00ebta, duke l\u00ebn\u00eb l\u00ebkur\u00ebn t\u00eb duket e barabart\u00eb dhe natyrale. Formula e saj transparente e b\u00ebn t\u00eb p\u00ebrshtatshme p\u00ebr \u00e7do ton l\u00ebkure dhe mund t\u00eb p\u00ebrdoret mbi fondatin\u00eb apo si prekje finale p\u00ebr nj\u00eb pamje t\u00eb qet\u00eb dhe t\u00eb sofistikuar. Rezistente ndaj lag\u00ebshtis\u00eb dhe djers\u00ebs, kjo pud\u00ebr \u00ebsht\u00eb sekreti i nj\u00eb pamjeje \u201cflawless\u201d q\u00eb zgjat gjat\u00eb gjith\u00eb dit\u00ebs.<\/p>\n<p data-start=\"904\" data-end=\"930\"><strong data-start=\"904\" data-end=\"928\">P\u00ebrfitimet kryesore:<\/strong><\/p>\n<ul data-start=\"931\" data-end=\"1173\">\n<li data-section-id=\"na15vh\" data-start=\"931\" data-end=\"977\">\n<p data-start=\"933\" data-end=\"977\">Fikson makeup-in dhe kontrollon shk\u00eblqimin<\/p>\n<\/li>\n<li data-section-id=\"11k6qgx\" data-start=\"978\" data-end=\"1029\">\n<p data-start=\"980\" data-end=\"1029\">Efekt blur p\u00ebr l\u00ebkur\u00eb t\u00eb barabart\u00eb dhe natyrale<\/p>\n<\/li>\n<li data-section-id=\"nf6vc3\" data-start=\"1030\" data-end=\"1075\">\n<p data-start=\"1032\" data-end=\"1075\">Tekstur\u00eb ultra e leht\u00eb dhe e p\u00ebrthithshme<\/p>\n<\/li>\n<li data-section-id=\"sdtok5\" data-start=\"1076\" data-end=\"1130\">\n<p data-start=\"1078\" data-end=\"1130\">Transparente, e p\u00ebrshtatshme p\u00ebr \u00e7do nuanc\u00eb l\u00ebkure<\/p>\n<\/li>\n<li data-section-id=\"1071ntg\" data-start=\"1131\" data-end=\"1173\">\n<p data-start=\"1133\" data-end=\"1173\">Rezistente ndaj lag\u00ebshtis\u00eb dhe djers\u00ebs<\/p>\n<\/li>\n<\/ul>","protected":false},"excerpt":{"rendered":"<p data-start=\"1215\" data-end=\"1402\"><strong data-start=\"1215\" data-end=\"1265\">Laura Mercier Translucent Loose Setting Powder<\/strong> \u2013 pudra e leht\u00eb q\u00eb fikson makeup-in, kontrollon shk\u00eblqimin dhe krijon nj\u00eb pamje t\u00eb qet\u00eb, t\u00eb barabart\u00eb dhe natyrale gjat\u00eb gjith\u00eb dit\u00ebs.<\/p>","protected":false},"featured_media":10305,"comment_status":"open","ping_status":"closed","template":"","meta":[],"product_brand":[152],"product_cat":[96,179,147],"product_tag":[],"class_list":{"0":"post-10304","1":"product","2":"type-product","3":"status-publish","4":"has-post-thumbnail","6":"product_brand-laura-mercier","7":"product_cat-makeup","8":"product_cat-new-colletion","9":"product_cat-setting-spray","12":"instock","13":"shipping-taxable","14":"purchasable","15":"product-type-simple"},"_links":{"self":[{"href":"https:\/\/perleibeauty.com\/sq\/wp-json\/wp\/v2\/product\/10304","targetHints":{"allow":["GET"]}}],"collection":[{"href":"https:\/\/perleibeauty.com\/sq\/wp-json\/wp\/v2\/product"}],"about":[{"href":"https:\/\/perleibeauty.com\/sq\/wp-json\/wp\/v2\/types\/product"}],"replies":[{"embeddable":true,"href":"https:\/\/perleibeauty.com\/sq\/wp-json\/wp\/v2\/comments?post=10304"}],"version-history":[{"count":1,"href":"https:\/\/perleibeauty.com\/sq\/wp-json\/wp\/v2\/product\/10304\/revisions"}],"predecessor-version":[{"id":10311,"href":"https:\/\/perleibeauty.com\/sq\/wp-json\/wp\/v2\/product\/10304\/revisions\/10311"}],"wp:featuredmedia":[{"embeddable":true,"href":"https:\/\/perleibeauty.com\/sq\/wp-json\/wp\/v2\/media\/10305"}],"wp:attachment":[{"href":"https:\/\/perleibeauty.com\/sq\/wp-json\/wp\/v2\/media?parent=10304"}],"wp:term":[{"taxonomy":"product_brand","embeddable":true,"href":"https:\/\/perleibeauty.com\/sq\/wp-json\/wp\/v2\/product_brand?post=10304"},{"taxonomy":"product_cat","embeddable":true,"href":"https:\/\/perleibeauty.com\/sq\/wp-json\/wp\/v2\/product_cat?post=10304"},{"taxonomy":"product_tag","embeddable":true,"href":"https:\/\/perleibeauty.com\/sq\/wp-json\/wp\/v2\/product_tag?post=10304"}],"curies":[{"name":"wp","href":"https:\/\/api.w.org\/{rel}","templated":true}]}}