{"id":10294,"date":"2026-03-11T11:59:05","date_gmt":"2026-03-11T11:59:05","guid":{"rendered":"https:\/\/perleibeauty.com\/?post_type=product&#038;p=10294"},"modified":"2026-04-01T11:18:12","modified_gmt":"2026-04-01T11:18:12","slug":"estee-lauder-nightwear-plus-anti-oxidant-night-detox-creme-50ml","status":"publish","type":"product","link":"https:\/\/perleibeauty.com\/sq\/produkt\/estee-lauder-nightwear-plus-anti-oxidant-night-detox-creme-50ml\/","title":{"rendered":"Est\u00e9e Lauder NightWear Plus Anti-Oxidant Night Detox Creme 50ML"},"content":{"rendered":"<p data-start=\"183\" data-end=\"561\"><strong data-start=\"183\" data-end=\"245\">Est\u00e9e Lauder NightWear Plus Anti-Oxidant Night Detox Creme<\/strong> \u00ebsht\u00eb kremi ideal nat\u00ebn p\u00ebr nj\u00eb l\u00ebkur\u00eb t\u00eb rigjeneruar dhe t\u00eb ndritshme n\u00eb m\u00ebngjes. Formula e saj e pasur me <strong data-start=\"354\" data-end=\"383\">antioksidant\u00eb t\u00eb fuqish\u00ebm<\/strong> ndihmon n\u00eb neutralizimin e radikaleve t\u00eb lira dhe n\u00eb mbrojtjen e l\u00ebkur\u00ebs nga stresi oksidativ, nd\u00ebrkoh\u00eb q\u00eb promovon proceset natyrale t\u00eb detoksifikimit t\u00eb l\u00ebkur\u00ebs gjat\u00eb nat\u00ebs.<\/p>\n<p data-start=\"563\" data-end=\"920\">Me p\u00ebrb\u00ebr\u00ebs si <strong data-start=\"578\" data-end=\"621\">ekstraktet bimore t\u00eb pasura me vitamina<\/strong> dhe <strong data-start=\"626\" data-end=\"658\">hidratues si Hyaluronic Acid<\/strong>, kjo krem ndihmon n\u00eb rigjenerimin e qelizave, zvog\u00eblon shenjat e lodhjes dhe ruan elasticitetin natyral t\u00eb l\u00ebkur\u00ebs. Tekstura e saj e leht\u00eb dhe e but\u00eb p\u00ebrthithet shpejt, duke l\u00ebn\u00eb l\u00ebkur\u00ebn t\u00eb ndritshme, t\u00eb but\u00eb dhe t\u00eb gatshme p\u00ebr t\u00eb p\u00ebrballuar dit\u00ebn e ardhshme.<\/p>\n<p data-start=\"922\" data-end=\"948\"><strong data-start=\"922\" data-end=\"946\">P\u00ebrfitimet kryesore:<\/strong><\/p>\n<ul data-start=\"949\" data-end=\"1193\">\n<li data-section-id=\"1vrozyz\" data-start=\"949\" data-end=\"993\">\n<p data-start=\"951\" data-end=\"993\">Rikthen freskin\u00eb dhe ndritshm\u00ebrin\u00eb nat\u00ebn<\/p>\n<\/li>\n<li data-section-id=\"19mv3hf\" data-start=\"994\" data-end=\"1040\">\n<p data-start=\"996\" data-end=\"1040\">Mbron l\u00ebkur\u00ebn me antioksidant\u00eb t\u00eb fuqish\u00ebm<\/p>\n<\/li>\n<li data-section-id=\"1l6dbkt\" data-start=\"1041\" data-end=\"1104\">\n<p data-start=\"1043\" data-end=\"1104\">Promovon detoksifikimin dhe rigjenerimin natyror t\u00eb l\u00ebkur\u00ebs<\/p>\n<\/li>\n<li data-section-id=\"sql512\" data-start=\"1105\" data-end=\"1152\">\n<p data-start=\"1107\" data-end=\"1152\">Tekstura e leht\u00eb, e but\u00eb dhe e p\u00ebrthithshme<\/p>\n<\/li>\n<li data-section-id=\"uva2st\" data-start=\"1153\" data-end=\"1193\">\n<p data-start=\"1155\" data-end=\"1193\">Ideale p\u00ebr t\u00eb gjitha tipet e l\u00ebkur\u00ebs<\/p>\n<\/li>\n<\/ul>","protected":false},"excerpt":{"rendered":"<p data-start=\"1235\" data-end=\"1407\"><strong data-start=\"1235\" data-end=\"1284\">Est\u00e9e Lauder NightWear Plus Night Detox Creme<\/strong> \u2013 krem natyral nat\u00ebs me antioksidant\u00eb q\u00eb rigjeneron, detoksifikon dhe l\u00eb l\u00ebkur\u00ebn t\u00eb ndritshme dhe t\u00eb fresk\u00ebt n\u00eb m\u00ebngjes.<\/p>","protected":false},"featured_media":10299,"comment_status":"open","ping_status":"closed","template":"","meta":[],"product_brand":[98],"product_cat":[179,105],"product_tag":[],"class_list":{"0":"post-10294","1":"product","2":"type-product","3":"status-publish","4":"has-post-thumbnail","6":"product_brand-estee-lauder","7":"product_cat-new-colletion","8":"product_cat-skincare","11":"instock","12":"shipping-taxable","13":"purchasable","14":"product-type-simple"},"_links":{"self":[{"href":"https:\/\/perleibeauty.com\/sq\/wp-json\/wp\/v2\/product\/10294","targetHints":{"allow":["GET"]}}],"collection":[{"href":"https:\/\/perleibeauty.com\/sq\/wp-json\/wp\/v2\/product"}],"about":[{"href":"https:\/\/perleibeauty.com\/sq\/wp-json\/wp\/v2\/types\/product"}],"replies":[{"embeddable":true,"href":"https:\/\/perleibeauty.com\/sq\/wp-json\/wp\/v2\/comments?post=10294"}],"version-history":[{"count":1,"href":"https:\/\/perleibeauty.com\/sq\/wp-json\/wp\/v2\/product\/10294\/revisions"}],"predecessor-version":[{"id":10303,"href":"https:\/\/perleibeauty.com\/sq\/wp-json\/wp\/v2\/product\/10294\/revisions\/10303"}],"wp:featuredmedia":[{"embeddable":true,"href":"https:\/\/perleibeauty.com\/sq\/wp-json\/wp\/v2\/media\/10299"}],"wp:attachment":[{"href":"https:\/\/perleibeauty.com\/sq\/wp-json\/wp\/v2\/media?parent=10294"}],"wp:term":[{"taxonomy":"product_brand","embeddable":true,"href":"https:\/\/perleibeauty.com\/sq\/wp-json\/wp\/v2\/product_brand?post=10294"},{"taxonomy":"product_cat","embeddable":true,"href":"https:\/\/perleibeauty.com\/sq\/wp-json\/wp\/v2\/product_cat?post=10294"},{"taxonomy":"product_tag","embeddable":true,"href":"https:\/\/perleibeauty.com\/sq\/wp-json\/wp\/v2\/product_tag?post=10294"}],"curies":[{"name":"wp","href":"https:\/\/api.w.org\/{rel}","templated":true}]}}