{"id":10274,"date":"2026-03-11T11:35:19","date_gmt":"2026-03-11T11:35:19","guid":{"rendered":"https:\/\/perleibeauty.com\/?post_type=product&#038;p=10274"},"modified":"2026-04-01T11:51:24","modified_gmt":"2026-04-01T11:51:24","slug":"10274","status":"publish","type":"product","link":"https:\/\/perleibeauty.com\/sq\/produkt\/10274\/","title":{"rendered":"Lanc\u00f4me Teint Miracle Foundation"},"content":{"rendered":"<p data-start=\"260\" data-end=\"662\"><strong data-start=\"260\" data-end=\"296\">Lanc\u00f4me Teint Miracle Foundation<\/strong> \u00ebsht\u00eb themelimi i p\u00ebrsosur p\u00ebr nj\u00eb l\u00ebkur\u00eb q\u00eb shk\u00eblqen natyralisht. Me nj\u00eb formula e leht\u00eb dhe t\u00eb ajrosur, kjo foundation p\u00ebrthith drit\u00ebn p\u00ebr t\u00eb krijuar nj\u00eb efekt \u201cglow\u201d q\u00eb duket i fresk\u00ebt dhe i sh\u00ebndetsh\u00ebm gjat\u00eb gjith\u00eb dit\u00ebs. Mbulimi i saj i mes\u00ebm deri n\u00eb t\u00eb plot\u00eb korrigjon pap\u00ebrsosm\u00ebrit\u00eb pa e r\u00ebnduar l\u00ebkur\u00ebn, duke ruajtur tekstur\u00ebn natyrale dhe but\u00ebsin\u00eb e saj.<\/p>\n<p data-start=\"664\" data-end=\"1130\">P\u00ebrb\u00ebr\u00ebsit e zgjedhur me kujdes, si <strong data-start=\"700\" data-end=\"722\">Water Lily Extract<\/strong>, ofrojn\u00eb hidratim dhe freski t\u00eb menj\u00ebhershme, nd\u00ebrsa <strong data-start=\"776\" data-end=\"805\">mikro-pigmentet ndri\u00e7uese<\/strong> theksojn\u00eb shk\u00eblqimin natyral t\u00eb l\u00ebkur\u00ebs. Rezistente ndaj lag\u00ebshtis\u00eb dhe djers\u00ebs, Teint Miracle siguron nj\u00eb pamje t\u00eb q\u00ebndrueshme, natyrale dhe t\u00eb ndritshme nga m\u00ebngjesi deri n\u00eb mbr\u00ebmje. Me nj\u00eb gam\u00eb t\u00eb gjer\u00eb nuancash, \u00e7do ton i l\u00ebkur\u00ebs mund t\u00eb gjej\u00eb p\u00ebrshtatjen ideale, p\u00ebr nj\u00eb pamje t\u00eb p\u00ebrkryer q\u00eb duket dhe ndihet e leht\u00eb.<\/p>\n<p data-start=\"1132\" data-end=\"1158\"><strong data-start=\"1132\" data-end=\"1156\">P\u00ebrfitimet kryesore:<\/strong><\/p>\n<ul data-start=\"1159\" data-end=\"1373\">\n<li data-section-id=\"1go4vy9\" data-start=\"1159\" data-end=\"1195\">\n<p data-start=\"1161\" data-end=\"1195\">L\u00ebkur\u00eb e ndritshme dhe e fresk\u00ebt<\/p>\n<\/li>\n<li data-section-id=\"a960e2\" data-start=\"1196\" data-end=\"1248\">\n<p data-start=\"1198\" data-end=\"1248\">Mbulim i mes\u00ebm q\u00eb korrigjon pa e r\u00ebnduar l\u00ebkur\u00ebn<\/p>\n<\/li>\n<li data-section-id=\"qxroup\" data-start=\"1249\" data-end=\"1291\">\n<p data-start=\"1251\" data-end=\"1291\">Efekt \u201cglow\u201d natyral dhe i q\u00ebndruesh\u00ebm<\/p>\n<\/li>\n<li data-section-id=\"8chltx\" data-start=\"1292\" data-end=\"1330\">\n<p data-start=\"1294\" data-end=\"1330\">P\u00ebrb\u00ebr\u00ebs t\u00eb hidratuar dhe ndri\u00e7ues<\/p>\n<\/li>\n<li data-section-id=\"5au2mr\" data-start=\"1331\" data-end=\"1373\">\n<p data-start=\"1333\" data-end=\"1373\">Gama e nuancave e gjer\u00eb p\u00ebr \u00e7do l\u00ebkur\u00eb<\/p>\n<\/li>\n<\/ul>","protected":false},"excerpt":{"rendered":"<p><strong data-start=\"1415\" data-end=\"1440\">Lanc\u00f4me Teint Miracle<\/strong> \u2013 themelimi i leht\u00eb q\u00eb ofron nj\u00eb l\u00ebkur\u00eb t\u00eb ndritshme, t\u00eb fresk\u00ebt dhe natyrale, me mbulim t\u00eb mes\u00ebm dhe efekt \u201cglow\u201d q\u00eb zgjat gjat\u00eb gjith\u00eb dit\u00ebs.<\/p>","protected":false},"featured_media":10276,"comment_status":"open","ping_status":"closed","template":"","meta":[],"product_brand":[116],"product_cat":[97,96,179],"product_tag":[],"class_list":{"0":"post-10274","1":"product","2":"type-product","3":"status-publish","4":"has-post-thumbnail","6":"product_brand-lancome","7":"product_cat-foundations","8":"product_cat-makeup","9":"product_cat-new-colletion","12":"instock","13":"shipping-taxable","14":"purchasable","15":"product-type-variable"},"_links":{"self":[{"href":"https:\/\/perleibeauty.com\/sq\/wp-json\/wp\/v2\/product\/10274","targetHints":{"allow":["GET"]}}],"collection":[{"href":"https:\/\/perleibeauty.com\/sq\/wp-json\/wp\/v2\/product"}],"about":[{"href":"https:\/\/perleibeauty.com\/sq\/wp-json\/wp\/v2\/types\/product"}],"replies":[{"embeddable":true,"href":"https:\/\/perleibeauty.com\/sq\/wp-json\/wp\/v2\/comments?post=10274"}],"version-history":[{"count":2,"href":"https:\/\/perleibeauty.com\/sq\/wp-json\/wp\/v2\/product\/10274\/revisions"}],"predecessor-version":[{"id":10287,"href":"https:\/\/perleibeauty.com\/sq\/wp-json\/wp\/v2\/product\/10274\/revisions\/10287"}],"wp:featuredmedia":[{"embeddable":true,"href":"https:\/\/perleibeauty.com\/sq\/wp-json\/wp\/v2\/media\/10276"}],"wp:attachment":[{"href":"https:\/\/perleibeauty.com\/sq\/wp-json\/wp\/v2\/media?parent=10274"}],"wp:term":[{"taxonomy":"product_brand","embeddable":true,"href":"https:\/\/perleibeauty.com\/sq\/wp-json\/wp\/v2\/product_brand?post=10274"},{"taxonomy":"product_cat","embeddable":true,"href":"https:\/\/perleibeauty.com\/sq\/wp-json\/wp\/v2\/product_cat?post=10274"},{"taxonomy":"product_tag","embeddable":true,"href":"https:\/\/perleibeauty.com\/sq\/wp-json\/wp\/v2\/product_tag?post=10274"}],"curies":[{"name":"wp","href":"https:\/\/api.w.org\/{rel}","templated":true}]}}