{"id":10260,"date":"2026-03-11T11:15:31","date_gmt":"2026-03-11T11:15:31","guid":{"rendered":"https:\/\/perleibeauty.com\/?post_type=product&#038;p=10260"},"modified":"2026-04-01T11:54:07","modified_gmt":"2026-04-01T11:54:07","slug":"lancome-teint-idole-ultra-wear-foundation-30ml","status":"publish","type":"product","link":"https:\/\/perleibeauty.com\/sq\/produkt\/lancome-teint-idole-ultra-wear-foundation-30ml\/","title":{"rendered":"LANCOME TEINT IDOLE ULTRA WEAR FOUNDATION 30ML"},"content":{"rendered":"<p data-start=\"180\" data-end=\"858\"><strong data-start=\"180\" data-end=\"225\">Lanc\u00f4me Teint Idole Ultra Wear Foundation<\/strong> \u00ebsht\u00eb themelimi perfekt p\u00ebr nj\u00eb pamje t\u00eb p\u00ebrkryer, natyrale dhe q\u00eb zgjat gjat\u00eb gjith\u00eb dit\u00ebs. Formula e saj e leht\u00eb, me mbulim t\u00eb mes\u00ebm deri n\u00eb t\u00eb plot\u00eb, p\u00ebrshtatet n\u00eb m\u00ebnyr\u00eb t\u00eb mrekullueshme me l\u00ebkur\u00ebn pa e r\u00ebnduar, duke krijuar nj\u00eb finish mat dhe t\u00eb qet\u00eb. Rezistente ndaj lag\u00ebshtis\u00eb dhe djers\u00ebs, kjo foundation ofron mbulim t\u00eb q\u00ebndruesh\u00ebm deri n\u00eb 24 or\u00eb, duke ruajtur l\u00ebkur\u00ebn t\u00eb duket e barabart\u00eb, e sh\u00ebndetshme dhe me pamje t\u00eb rinuar. Me nj\u00eb gam\u00eb t\u00eb gjer\u00eb nuancash, \u00e7do ton i l\u00ebkur\u00ebs mund t\u00eb gjej\u00eb p\u00ebrshtatjen ideale. Perfekte p\u00ebr p\u00ebrdorim t\u00eb p\u00ebrditsh\u00ebm ose p\u00ebr raste speciale ku k\u00ebrkohet nj\u00eb pamje e q\u00ebndrueshme dhe e rafinuar.<\/p>","protected":false},"excerpt":{"rendered":"<p><strong data-start=\"900\" data-end=\"945\">Lanc\u00f4me Teint Idole Ultra Wear Foundation<\/strong> \u2013 mbulim i q\u00ebndruesh\u00ebm, finish mat dhe natyral, i p\u00ebrshtatsh\u00ebm p\u00ebr \u00e7do l\u00ebkur\u00eb dhe nuanc\u00eb. Reziston 24 or\u00eb p\u00ebr nj\u00eb pamje t\u00eb p\u00ebrsosur gjat\u00eb gjith\u00eb dit\u00ebs.<\/p>","protected":false},"featured_media":10242,"comment_status":"open","ping_status":"closed","template":"","meta":[],"product_brand":[116],"product_cat":[97,96,179],"product_tag":[],"class_list":{"0":"post-10260","1":"product","2":"type-product","3":"status-publish","4":"has-post-thumbnail","6":"product_brand-lancome","7":"product_cat-foundations","8":"product_cat-makeup","9":"product_cat-new-colletion","12":"instock","13":"shipping-taxable","14":"purchasable","15":"product-type-variable"},"_links":{"self":[{"href":"https:\/\/perleibeauty.com\/sq\/wp-json\/wp\/v2\/product\/10260","targetHints":{"allow":["GET"]}}],"collection":[{"href":"https:\/\/perleibeauty.com\/sq\/wp-json\/wp\/v2\/product"}],"about":[{"href":"https:\/\/perleibeauty.com\/sq\/wp-json\/wp\/v2\/types\/product"}],"replies":[{"embeddable":true,"href":"https:\/\/perleibeauty.com\/sq\/wp-json\/wp\/v2\/comments?post=10260"}],"version-history":[{"count":1,"href":"https:\/\/perleibeauty.com\/sq\/wp-json\/wp\/v2\/product\/10260\/revisions"}],"predecessor-version":[{"id":10273,"href":"https:\/\/perleibeauty.com\/sq\/wp-json\/wp\/v2\/product\/10260\/revisions\/10273"}],"wp:featuredmedia":[{"embeddable":true,"href":"https:\/\/perleibeauty.com\/sq\/wp-json\/wp\/v2\/media\/10242"}],"wp:attachment":[{"href":"https:\/\/perleibeauty.com\/sq\/wp-json\/wp\/v2\/media?parent=10260"}],"wp:term":[{"taxonomy":"product_brand","embeddable":true,"href":"https:\/\/perleibeauty.com\/sq\/wp-json\/wp\/v2\/product_brand?post=10260"},{"taxonomy":"product_cat","embeddable":true,"href":"https:\/\/perleibeauty.com\/sq\/wp-json\/wp\/v2\/product_cat?post=10260"},{"taxonomy":"product_tag","embeddable":true,"href":"https:\/\/perleibeauty.com\/sq\/wp-json\/wp\/v2\/product_tag?post=10260"}],"curies":[{"name":"wp","href":"https:\/\/api.w.org\/{rel}","templated":true}]}}