{"id":10219,"date":"2026-03-11T10:50:16","date_gmt":"2026-03-11T10:50:16","guid":{"rendered":"https:\/\/perleibeauty.com\/?post_type=product&#038;p=10219"},"modified":"2026-04-01T11:56:53","modified_gmt":"2026-04-01T11:56:53","slug":"lancome-teint-idole-ultra-wear-care-glow-serum-concealer","status":"publish","type":"product","link":"https:\/\/perleibeauty.com\/sq\/produkt\/lancome-teint-idole-ultra-wear-care-glow-serum-concealer\/","title":{"rendered":"LANCOME Teint Idole Ultra Wear Care &#038; Glow Serum Concealer"},"content":{"rendered":"<p data-start=\"109\" data-end=\"494\">Lanc\u00f4me Teint Idole Ultra Wear Care &amp; Glow Serum Concealer \u00ebsht\u00eb nj\u00eb concealer inovativ q\u00eb kombinon <strong data-start=\"209\" data-end=\"242\">makeup dhe kujdes p\u00ebr l\u00ebkur\u00ebn<\/strong> n\u00eb nj\u00eb formul\u00eb t\u00eb vetme. Me nj\u00eb baz\u00eb t\u00eb pasuruar me rreth <strong data-start=\"301\" data-end=\"314\">81% serum<\/strong>, ky concealer ofron mbulim natyral dhe nj\u00eb efekt t\u00eb ndritsh\u00ebm \u201chealthy glow\u201d, nd\u00ebrsa nj\u00ebkoh\u00ebsisht hidraton dhe p\u00ebrmir\u00ebson pamjen e l\u00ebkur\u00ebs.<\/p>\n<p data-start=\"496\" data-end=\"906\">Formula e tij kremoze dhe shum\u00eb e leht\u00eb p\u00ebr t\u2019u p\u00ebrzier n\u00eb l\u00ebkur\u00eb ofron <strong data-start=\"568\" data-end=\"612\">mbulim medium t\u00eb nd\u00ebrtuesh\u00ebm (buildable)<\/strong> q\u00eb ndihmon n\u00eb fshehjen e rrath\u00ebve t\u00eb zinj, njollave dhe pap\u00ebrsosm\u00ebrive, duke l\u00ebn\u00eb nj\u00eb finish t\u00eb but\u00eb dhe rrezatues. Concealer-i \u00ebsht\u00eb rezistent ndaj grumbullimit n\u00eb vijat e holla dhe mund t\u00eb q\u00ebndroj\u00eb deri n\u00eb <strong data-start=\"821\" data-end=\"865\">12 or\u00eb pa krijuar efekt cakey ose crease<\/strong>.<\/p>\n<p data-start=\"908\" data-end=\"971\">Formula \u00ebsht\u00eb e pasuruar me p\u00ebrb\u00ebr\u00ebs q\u00eb kujdesen p\u00ebr l\u00ebkur\u00ebn:<\/p>\n<ul data-start=\"972\" data-end=\"1336\">\n<li data-section-id=\"u9wsu\" data-start=\"972\" data-end=\"1056\">\n<p data-start=\"974\" data-end=\"1056\"><strong data-start=\"974\" data-end=\"993\">Hyaluronic Acid<\/strong> \u2013 ndihmon n\u00eb hidratimin dhe mbajtjen e lag\u00ebshtis\u00eb s\u00eb l\u00ebkur\u00ebs<\/p>\n<\/li>\n<li data-section-id=\"1vagbqw\" data-start=\"1057\" data-end=\"1127\">\n<p data-start=\"1059\" data-end=\"1127\"><strong data-start=\"1059\" data-end=\"1072\">Ceramides<\/strong> \u2013 mbrojn\u00eb dhe forcojn\u00eb barrier\u00ebn natyrale t\u00eb l\u00ebkur\u00ebs<\/p>\n<\/li>\n<li data-section-id=\"13sc3z8\" data-start=\"1128\" data-end=\"1212\">\n<p data-start=\"1130\" data-end=\"1212\"><strong data-start=\"1130\" data-end=\"1142\">Peptides<\/strong> \u2013 kontribuojn\u00eb n\u00eb nj\u00eb pamje m\u00eb t\u00eb l\u00ebmuar dhe m\u00eb elastike t\u00eb l\u00ebkur\u00ebs<\/p>\n<\/li>\n<li data-section-id=\"t2xkle\" data-start=\"1213\" data-end=\"1336\">\n<p data-start=\"1215\" data-end=\"1336\"><strong data-start=\"1215\" data-end=\"1249\">Vitamin E dhe ekstrakte bimore<\/strong> \u2013 ndihmojn\u00eb n\u00eb ushqimin dhe zbutjen e l\u00ebkur\u00ebs.<\/p>\n<\/li>\n<\/ul>\n<p data-start=\"1338\" data-end=\"1643\">Aplikatori i ve\u00e7ant\u00eb me form\u00eb <strong data-start=\"1368\" data-end=\"1379\">diamond<\/strong> \u00ebsht\u00eb projektuar p\u00ebr aplikim t\u00eb sakt\u00eb dhe t\u00eb leht\u00eb n\u00eb zona t\u00eb ndryshme t\u00eb fytyr\u00ebs, duke e b\u00ebr\u00eb produktin ideal p\u00ebr <strong data-start=\"1495\" data-end=\"1564\">conceal, brighten, contour ose edhe p\u00ebrdorim n\u00eb t\u00eb gjith\u00eb fytyr\u00ebn<\/strong> p\u00ebr nj\u00eb pamje natyrale dhe t\u00eb fresk\u00ebt.<\/p>\n<p data-start=\"1645\" data-end=\"1877\">Fal\u00eb formul\u00ebs hidratuese dhe p\u00ebrfundimit t\u00eb ndritsh\u00ebm, ky concealer \u00ebsht\u00eb i p\u00ebrshtatsh\u00ebm p\u00ebr shum\u00eb tipe l\u00ebkure, ve\u00e7an\u00ebrisht p\u00ebr ata q\u00eb k\u00ebrkojn\u00eb nj\u00eb <strong data-start=\"1793\" data-end=\"1855\">rezultat natyral, t\u00eb l\u00ebmuar dhe me shk\u00eblqim t\u00eb sh\u00ebndetsh\u00ebm<\/strong> gjat\u00eb gjith\u00eb dit\u00ebs.<\/p>\n<p data-start=\"1879\" data-end=\"1910\"><strong data-start=\"1879\" data-end=\"1908\">Karakteristikat kryesore:<\/strong><\/p>\n<ul data-start=\"1911\" data-end=\"2150\">\n<li data-section-id=\"1v0ntcw\" data-start=\"1911\" data-end=\"1961\">\n<p data-start=\"1913\" data-end=\"1961\">81% baz\u00eb serum me p\u00ebrb\u00ebr\u00ebs kujdesi p\u00ebr l\u00ebkur\u00ebn<\/p>\n<\/li>\n<li data-section-id=\"1qu35jm\" data-start=\"1962\" data-end=\"1993\">\n<p data-start=\"1964\" data-end=\"1993\">Mbulim medium dhe buildable<\/p>\n<\/li>\n<li data-section-id=\"1bk90f8\" data-start=\"1994\" data-end=\"2026\">\n<p data-start=\"1996\" data-end=\"2026\">Finish natyral me efekt glow<\/p>\n<\/li>\n<li data-section-id=\"1ea3s9y\" data-start=\"2027\" data-end=\"2074\">\n<p data-start=\"2029\" data-end=\"2074\">Hidratim dhe p\u00ebrmir\u00ebsim i pamjes s\u00eb l\u00ebkur\u00ebs<\/p>\n<\/li>\n<li data-section-id=\"e3ix3q\" data-start=\"2075\" data-end=\"2107\">\n<p data-start=\"2077\" data-end=\"2107\">Q\u00ebndrueshm\u00ebri deri n\u00eb 12 or\u00eb<\/p>\n<\/li>\n<li data-section-id=\"1ngzk9g\" data-start=\"2108\" data-end=\"2150\">\n<p data-start=\"2110\" data-end=\"2150\">Aplikator preciz p\u00ebr p\u00ebrdorim t\u00eb leht\u00eb<\/p>\n<\/li>\n<\/ul>","protected":false},"excerpt":{"rendered":"<p>Lanc\u00f4me Teint Idole Ultra Wear Care &amp; Glow Serum Concealer \u00ebsht\u00eb nj\u00eb concealer me <strong data-start=\"2287\" data-end=\"2305\">81% baz\u00eb serum<\/strong> q\u00eb ofron mbulim medium dhe nj\u00eb finish natyral me shk\u00eblqim t\u00eb leht\u00eb. Formula me <strong data-start=\"2385\" data-end=\"2427\">Hyaluronic Acid, ceramide dhe peptides<\/strong> hidraton l\u00ebkur\u00ebn nd\u00ebrsa fsheh rrath\u00ebt e zinj dhe pap\u00ebrsosm\u00ebrit\u00eb p\u00ebr nj\u00eb pamje t\u00eb fresk\u00ebt dhe t\u00eb l\u00ebmuar.<\/p>","protected":false},"featured_media":10225,"comment_status":"open","ping_status":"closed","template":"","meta":[],"product_brand":[116],"product_cat":[129,96,179],"product_tag":[],"class_list":{"0":"post-10219","1":"product","2":"type-product","3":"status-publish","4":"has-post-thumbnail","6":"product_brand-lancome","7":"product_cat-concealer","8":"product_cat-makeup","9":"product_cat-new-colletion","12":"instock","13":"shipping-taxable","14":"purchasable","15":"product-type-variable"},"_links":{"self":[{"href":"https:\/\/perleibeauty.com\/sq\/wp-json\/wp\/v2\/product\/10219","targetHints":{"allow":["GET"]}}],"collection":[{"href":"https:\/\/perleibeauty.com\/sq\/wp-json\/wp\/v2\/product"}],"about":[{"href":"https:\/\/perleibeauty.com\/sq\/wp-json\/wp\/v2\/types\/product"}],"replies":[{"embeddable":true,"href":"https:\/\/perleibeauty.com\/sq\/wp-json\/wp\/v2\/comments?post=10219"}],"version-history":[{"count":2,"href":"https:\/\/perleibeauty.com\/sq\/wp-json\/wp\/v2\/product\/10219\/revisions"}],"predecessor-version":[{"id":10599,"href":"https:\/\/perleibeauty.com\/sq\/wp-json\/wp\/v2\/product\/10219\/revisions\/10599"}],"wp:featuredmedia":[{"embeddable":true,"href":"https:\/\/perleibeauty.com\/sq\/wp-json\/wp\/v2\/media\/10225"}],"wp:attachment":[{"href":"https:\/\/perleibeauty.com\/sq\/wp-json\/wp\/v2\/media?parent=10219"}],"wp:term":[{"taxonomy":"product_brand","embeddable":true,"href":"https:\/\/perleibeauty.com\/sq\/wp-json\/wp\/v2\/product_brand?post=10219"},{"taxonomy":"product_cat","embeddable":true,"href":"https:\/\/perleibeauty.com\/sq\/wp-json\/wp\/v2\/product_cat?post=10219"},{"taxonomy":"product_tag","embeddable":true,"href":"https:\/\/perleibeauty.com\/sq\/wp-json\/wp\/v2\/product_tag?post=10219"}],"curies":[{"name":"wp","href":"https:\/\/api.w.org\/{rel}","templated":true}]}}