{"id":10192,"date":"2026-03-11T10:35:59","date_gmt":"2026-03-11T10:35:59","guid":{"rendered":"https:\/\/perleibeauty.com\/?post_type=product&#038;p=10192"},"modified":"2026-04-01T11:35:32","modified_gmt":"2026-04-01T11:35:32","slug":"fenty-gloss-bomb-oil-luminizing-lip-oil-n-gloss","status":"publish","type":"product","link":"https:\/\/perleibeauty.com\/sq\/produkt\/fenty-gloss-bomb-oil-luminizing-lip-oil-n-gloss\/","title":{"rendered":"FENTY Gloss Bomb Oil Luminizing Lip Oil &#8216;N Gloss"},"content":{"rendered":"<p data-start=\"78\" data-end=\"465\"><span class=\"hover:entity-accent entity-underline inline cursor-pointer align-baseline\"><span class=\"whitespace-normal\">Fenty Beauty<\/span><\/span> Gloss Bomb Oil \u00ebsht\u00eb nj\u00eb <strong data-start=\"141\" data-end=\"169\">lip oil dhe gloss hybrid<\/strong> q\u00eb kombinon shk\u00eblqimin intensiv t\u00eb nj\u00eb lip gloss-i me hidratimin dhe kujdesin e nj\u00eb vajit p\u00ebr buz\u00eb. Formula e tij inovative jep nj\u00eb <strong data-start=\"302\" data-end=\"322\">glass-like shine<\/strong> me shimmer multidimensional, duke i b\u00ebr\u00eb buz\u00ebt t\u00eb duken m\u00eb t\u00eb plota, m\u00eb t\u00eb buta dhe m\u00eb t\u00eb sh\u00ebndetshme.<\/p>\n<p data-start=\"467\" data-end=\"779\">Tekstura e leht\u00eb dhe jo ngjit\u00ebse rr\u00ebshqet but\u00ebsisht mbi buz\u00eb, duke krijuar nj\u00eb ndjesi shum\u00eb komforte dhe hidratuese gjat\u00eb gjith\u00eb dit\u00ebs. Formula \u00ebsht\u00eb e pasuruar me p\u00ebrb\u00ebr\u00ebs ushqyes q\u00eb ndihmojn\u00eb n\u00eb hidratimin dhe zbutjen e buz\u00ebve, duke ruajtur lag\u00ebshtin\u00eb deri n\u00eb <strong data-start=\"729\" data-end=\"738\">8 or\u00eb<\/strong>.<\/p>\n<p data-start=\"781\" data-end=\"836\">Ky lip oil p\u00ebrmban p\u00ebrb\u00ebr\u00ebs t\u00eb kujdesit p\u00ebr buz\u00ebt si:<\/p>\n<ul data-start=\"837\" data-end=\"1161\">\n<li data-section-id=\"1yea8sb\" data-start=\"837\" data-end=\"881\">\n<p data-start=\"839\" data-end=\"881\"><strong data-start=\"839\" data-end=\"854\">Shea Butter<\/strong> q\u00eb ushqen dhe zbut buz\u00ebt<\/p>\n<\/li>\n<li data-section-id=\"djn04v\" data-start=\"882\" data-end=\"945\">\n<p data-start=\"884\" data-end=\"945\"><strong data-start=\"884\" data-end=\"897\">Vitamin E<\/strong> q\u00eb ndihmon n\u00eb mbrojtjen dhe hidratimin e tyre<\/p>\n<\/li>\n<li data-section-id=\"1l6d98c\" data-start=\"946\" data-end=\"1022\">\n<p data-start=\"948\" data-end=\"1022\"><strong data-start=\"948\" data-end=\"968\">Passionfruit Oil<\/strong> q\u00eb kontribuon n\u00eb nj\u00eb pamje m\u00eb t\u00eb but\u00eb dhe t\u00eb l\u00ebmuar<\/p>\n<\/li>\n<li data-section-id=\"p2j4c2\" data-start=\"1023\" data-end=\"1161\">\n<p data-start=\"1025\" data-end=\"1161\"><strong data-start=\"1025\" data-end=\"1052\">Hyaluronic Acid spheres<\/strong> q\u00eb ndihmojn\u00eb n\u00eb mbajtjen e lag\u00ebshtis\u00eb dhe volumit natyral t\u00eb buz\u00ebve.<\/p>\n<\/li>\n<\/ul>\n<p data-start=\"1163\" data-end=\"1390\">Aplikatori i madh <strong data-start=\"1181\" data-end=\"1198\">paddle-shaped<\/strong> e b\u00ebn aplikimin shum\u00eb t\u00eb leht\u00eb dhe t\u00eb nj\u00ebtrajtsh\u00ebm, nd\u00ebrsa aroma e k\u00ebndshme <strong data-start=\"1275\" data-end=\"1292\">kokos-vanilje<\/strong> i jep nj\u00eb ndjesi t\u00eb \u00ebmb\u00ebl dhe tropikale gjat\u00eb p\u00ebrdorimit.<\/p>\n<p data-start=\"1392\" data-end=\"1693\">Gloss Bomb Oil mund t\u00eb p\u00ebrdoret vet\u00ebm p\u00ebr nj\u00eb shk\u00eblqim natyral ose mbi buz\u00ebkuq p\u00ebr t\u00eb shtuar nj\u00eb efekt m\u00eb t\u00eb ndritsh\u00ebm dhe sensual. Me nj\u00eb kapacitet rreth <strong data-start=\"1547\" data-end=\"1555\">9 ml<\/strong>, \u00ebsht\u00eb perfekt p\u00ebr p\u00ebrdorim t\u00eb p\u00ebrditsh\u00ebm dhe p\u00ebr nj\u00eb pamje moderne, t\u00eb fresk\u00ebt dhe shum\u00eb glossy.<\/p>\n<p data-start=\"1695\" data-end=\"1726\"><strong data-start=\"1695\" data-end=\"1724\">Karakteristikat kryesore:<\/strong><\/p>\n<ul data-start=\"1727\" data-end=\"1947\">\n<li data-section-id=\"bki4ic\" data-start=\"1727\" data-end=\"1753\">\n<p data-start=\"1729\" data-end=\"1753\">Lip oil + gloss hybrid<\/p>\n<\/li>\n<li data-section-id=\"1gncaoj\" data-start=\"1754\" data-end=\"1796\">\n<p data-start=\"1756\" data-end=\"1796\">Shk\u00eblqim multidimensional \u201cglass-like\u201d<\/p>\n<\/li>\n<li data-section-id=\"tqoycf\" data-start=\"1797\" data-end=\"1823\">\n<p data-start=\"1799\" data-end=\"1823\">Hidratim deri n\u00eb 8 or\u00eb<\/p>\n<\/li>\n<li data-section-id=\"kr9bqx\" data-start=\"1824\" data-end=\"1865\">\n<p data-start=\"1826\" data-end=\"1865\">Tekstur\u00eb jo ngjit\u00ebse dhe shum\u00eb komode<\/p>\n<\/li>\n<li data-section-id=\"1gcebzp\" data-start=\"1866\" data-end=\"1889\">\n<p data-start=\"1868\" data-end=\"1889\">Aroma kokos-vanilje<\/p>\n<\/li>\n<li data-section-id=\"16sgphq\" data-start=\"1890\" data-end=\"1947\">\n<p data-start=\"1892\" data-end=\"1947\">Formula me Shea Butter, Vitamin E dhe Hyaluronic Acid<\/p>\n<\/li>\n<\/ul>","protected":false},"excerpt":{"rendered":"<p data-start=\"2002\" data-end=\"2326\">Fenty Beauty Gloss Bomb Oil \u00ebsht\u00eb nj\u00eb <strong data-start=\"2040\" data-end=\"2076\">lip oil hidratues me efekt gloss<\/strong> q\u00eb jep shk\u00eblqim intensiv dhe buz\u00eb m\u00eb t\u00eb buta e m\u00eb t\u00eb plota. Formula jo ngjit\u00ebse me <strong data-start=\"2160\" data-end=\"2206\">Shea Butter, Vitamin E dhe Hyaluronic Acid<\/strong> hidraton dhe ushqen buz\u00ebt duke l\u00ebn\u00eb nj\u00eb finish shum\u00eb glossy dhe t\u00eb sh\u00ebndetsh\u00ebm.<\/p>","protected":false},"featured_media":10200,"comment_status":"open","ping_status":"closed","template":"","meta":[],"product_brand":[137],"product_cat":[157,96,179],"product_tag":[],"class_list":{"0":"post-10192","1":"product","2":"type-product","3":"status-publish","4":"has-post-thumbnail","6":"product_brand-fenty","7":"product_cat-lipstick","8":"product_cat-makeup","9":"product_cat-new-colletion","12":"instock","13":"shipping-taxable","14":"purchasable","15":"product-type-variable"},"_links":{"self":[{"href":"https:\/\/perleibeauty.com\/sq\/wp-json\/wp\/v2\/product\/10192","targetHints":{"allow":["GET"]}}],"collection":[{"href":"https:\/\/perleibeauty.com\/sq\/wp-json\/wp\/v2\/product"}],"about":[{"href":"https:\/\/perleibeauty.com\/sq\/wp-json\/wp\/v2\/types\/product"}],"replies":[{"embeddable":true,"href":"https:\/\/perleibeauty.com\/sq\/wp-json\/wp\/v2\/comments?post=10192"}],"version-history":[{"count":1,"href":"https:\/\/perleibeauty.com\/sq\/wp-json\/wp\/v2\/product\/10192\/revisions"}],"predecessor-version":[{"id":10217,"href":"https:\/\/perleibeauty.com\/sq\/wp-json\/wp\/v2\/product\/10192\/revisions\/10217"}],"wp:featuredmedia":[{"embeddable":true,"href":"https:\/\/perleibeauty.com\/sq\/wp-json\/wp\/v2\/media\/10200"}],"wp:attachment":[{"href":"https:\/\/perleibeauty.com\/sq\/wp-json\/wp\/v2\/media?parent=10192"}],"wp:term":[{"taxonomy":"product_brand","embeddable":true,"href":"https:\/\/perleibeauty.com\/sq\/wp-json\/wp\/v2\/product_brand?post=10192"},{"taxonomy":"product_cat","embeddable":true,"href":"https:\/\/perleibeauty.com\/sq\/wp-json\/wp\/v2\/product_cat?post=10192"},{"taxonomy":"product_tag","embeddable":true,"href":"https:\/\/perleibeauty.com\/sq\/wp-json\/wp\/v2\/product_tag?post=10192"}],"curies":[{"name":"wp","href":"https:\/\/api.w.org\/{rel}","templated":true}]}}