{"id":10140,"date":"2026-03-11T08:40:23","date_gmt":"2026-03-11T08:40:23","guid":{"rendered":"https:\/\/perleibeauty.com\/?post_type=product&#038;p=10140"},"modified":"2026-04-02T10:12:02","modified_gmt":"2026-04-02T10:12:02","slug":"sol-de-janeiro-cheirosa-91-perfume-mist-240-ml","status":"publish","type":"product","link":"https:\/\/perleibeauty.com\/sq\/produkt\/sol-de-janeiro-cheirosa-91-perfume-mist-240-ml\/","title":{"rendered":"SOL DE JANEIRO Cheirosa 91 Perfume Mist 240 ML"},"content":{"rendered":"<p data-start=\"86\" data-end=\"500\"><span class=\"hover:entity-accent entity-underline inline cursor-pointer align-baseline\"><span class=\"whitespace-normal\">Sol de Janeiro<\/span><\/span> Cheirosa 91 Perfume Mist \u00ebsht\u00eb nj\u00eb parfum mist p\u00ebr trupin dhe flok\u00ebt q\u00eb sjell nj\u00eb arom\u00eb energjike, sensuale dhe shum\u00eb fem\u00ebrore. Frym\u00ebzuar nga energjia dhe ritmet e muzik\u00ebs braziliane t\u00eb viteve \u201990, kjo arom\u00eb kombinon nota frutash tropikale, lulesh elegante dhe nj\u00eb baz\u00eb t\u00eb ngroht\u00eb gourmand q\u00eb krijon nj\u00eb parfum unik dhe t\u00eb paharruesh\u00ebm.<\/p>\n<p data-start=\"502\" data-end=\"926\">Aroma hapet me nota t\u00eb fresk\u00ebta dhe t\u00eb gjalla t\u00eb <strong data-start=\"551\" data-end=\"578\">passionfruit (marakuja)<\/strong> dhe nj\u00eb prekje pikante t\u00eb <strong data-start=\"605\" data-end=\"620\">pink pepper<\/strong>, t\u00eb cilat japin nj\u00eb ndjesi energjike dhe tropikale. N\u00eb zem\u00ebr t\u00eb arom\u00ebs q\u00ebndron <strong data-start=\"700\" data-end=\"717\">Rio Pink Rose<\/strong>, nj\u00eb interpretim modern dhe elegant i tr\u00ebndafilit, i kombinuar me <strong data-start=\"784\" data-end=\"796\">magnolia<\/strong> dhe nj\u00eb nuanc\u00eb kremoz\u00eb <strong data-start=\"820\" data-end=\"839\">pistachio cream<\/strong>, q\u00eb e b\u00ebjn\u00eb arom\u00ebn m\u00eb t\u00eb but\u00eb dhe m\u00eb sensuale.<\/p>\n<p data-start=\"928\" data-end=\"1200\">N\u00eb baz\u00eb, parfumi zhvillohet n\u00eb nota t\u00eb ngrohta dhe t\u00eb \u00ebmbla si <strong data-start=\"991\" data-end=\"1008\">honey caramel<\/strong>, <strong data-start=\"1010\" data-end=\"1019\">amber<\/strong>, <strong data-start=\"1021\" data-end=\"1035\">sandalwood<\/strong> dhe <strong data-start=\"1040\" data-end=\"1058\">sugar crystals<\/strong>, duke krijuar nj\u00eb gjurm\u00eb aromatike t\u00eb \u00ebmb\u00ebl, t\u00eb ngroht\u00eb dhe shum\u00eb t\u00ebrheq\u00ebse q\u00eb zgjat gjat\u00eb n\u00eb l\u00ebkur\u00eb.<\/p>\n<p data-start=\"1202\" data-end=\"1551\">Formula e tij e leht\u00eb \u00ebsht\u00eb ideale p\u00ebr p\u00ebrdorim t\u00eb p\u00ebrditsh\u00ebm dhe mund t\u00eb sp\u00ebrkatet n\u00eb trup, flok\u00eb apo rroba p\u00ebr t\u00eb krijuar nj\u00eb arom\u00eb t\u00eb fresk\u00ebt dhe t\u00eb parezistueshme gjat\u00eb gjith\u00eb dit\u00ebs. Shishja <strong data-start=\"1397\" data-end=\"1407\">240 ml<\/strong> \u00ebsht\u00eb perfekte p\u00ebr p\u00ebrdorim t\u00eb vazhduesh\u00ebm dhe p\u00ebr ata q\u00eb duan nj\u00eb arom\u00eb t\u00eb \u00ebmb\u00ebl, florale dhe tropikale q\u00eb t\u00ebrheq v\u00ebmendjen kudo q\u00eb shkojn\u00eb.<\/p>\n<p data-start=\"1553\" data-end=\"1575\"><strong data-start=\"1553\" data-end=\"1573\">Notat aromatike:<\/strong><\/p>\n<ul data-start=\"1576\" data-end=\"1789\">\n<li data-section-id=\"1f1at7x\" data-start=\"1576\" data-end=\"1620\">\n<p data-start=\"1578\" data-end=\"1620\"><strong data-start=\"1578\" data-end=\"1592\">Top notes:<\/strong> Passionfruit, Pink Pepper<\/p>\n<\/li>\n<li data-section-id=\"d60ry4\" data-start=\"1621\" data-end=\"1682\">\n<p data-start=\"1623\" data-end=\"1682\"><strong data-start=\"1623\" data-end=\"1639\">Heart notes:<\/strong> Rio Pink Rose, Magnolia, Pistachio Cream<\/p>\n<\/li>\n<li data-section-id=\"w41q5l\" data-start=\"1683\" data-end=\"1789\">\n<p data-start=\"1685\" data-end=\"1789\"><strong data-start=\"1685\" data-end=\"1700\">Base notes:<\/strong> Honey Caramel, Amber, Sandalwood, Sugar Crystals<\/p>\n<\/li>\n<\/ul>","protected":false},"excerpt":{"rendered":"<p><span class=\"hover:entity-accent entity-underline inline cursor-pointer align-baseline\"><span class=\"whitespace-normal\">Sol de Janeiro Cheirosa 91 Perfume Mist 240ml<\/span><\/span> \u00ebsht\u00eb nj\u00eb body mist florale-frutore me nota <strong data-start=\"1926\" data-end=\"1971\">passionfruit, pink rose dhe honey caramel<\/strong> q\u00eb krijon nj\u00eb arom\u00eb t\u00eb \u00ebmb\u00ebl, tropikale dhe sensuale. Formula e leht\u00eb \u00ebsht\u00eb perfekte p\u00ebr trupin dhe flok\u00ebt, duke l\u00ebn\u00eb nj\u00eb arom\u00eb t\u00eb fresk\u00ebt dhe t\u00eb ngroht\u00eb q\u00eb zgjat gjat\u00eb.<\/p>","protected":false},"featured_media":10146,"comment_status":"open","ping_status":"closed","template":"","meta":[],"product_brand":[182],"product_cat":[177,176,104],"product_tag":[],"class_list":{"0":"post-10140","1":"product","2":"type-product","3":"status-publish","4":"has-post-thumbnail","6":"product_brand-sol-de-janiero","7":"product_cat-bodycare","8":"product_cat-haircare","9":"product_cat-perfume","12":"instock","13":"shipping-taxable","14":"purchasable","15":"product-type-simple"},"_links":{"self":[{"href":"https:\/\/perleibeauty.com\/sq\/wp-json\/wp\/v2\/product\/10140","targetHints":{"allow":["GET"]}}],"collection":[{"href":"https:\/\/perleibeauty.com\/sq\/wp-json\/wp\/v2\/product"}],"about":[{"href":"https:\/\/perleibeauty.com\/sq\/wp-json\/wp\/v2\/types\/product"}],"replies":[{"embeddable":true,"href":"https:\/\/perleibeauty.com\/sq\/wp-json\/wp\/v2\/comments?post=10140"}],"version-history":[{"count":1,"href":"https:\/\/perleibeauty.com\/sq\/wp-json\/wp\/v2\/product\/10140\/revisions"}],"predecessor-version":[{"id":10147,"href":"https:\/\/perleibeauty.com\/sq\/wp-json\/wp\/v2\/product\/10140\/revisions\/10147"}],"wp:featuredmedia":[{"embeddable":true,"href":"https:\/\/perleibeauty.com\/sq\/wp-json\/wp\/v2\/media\/10146"}],"wp:attachment":[{"href":"https:\/\/perleibeauty.com\/sq\/wp-json\/wp\/v2\/media?parent=10140"}],"wp:term":[{"taxonomy":"product_brand","embeddable":true,"href":"https:\/\/perleibeauty.com\/sq\/wp-json\/wp\/v2\/product_brand?post=10140"},{"taxonomy":"product_cat","embeddable":true,"href":"https:\/\/perleibeauty.com\/sq\/wp-json\/wp\/v2\/product_cat?post=10140"},{"taxonomy":"product_tag","embeddable":true,"href":"https:\/\/perleibeauty.com\/sq\/wp-json\/wp\/v2\/product_tag?post=10140"}],"curies":[{"name":"wp","href":"https:\/\/api.w.org\/{rel}","templated":true}]}}