{"id":10134,"date":"2026-03-11T08:41:02","date_gmt":"2026-03-11T08:41:02","guid":{"rendered":"https:\/\/perleibeauty.com\/?post_type=product&#038;p=10134"},"modified":"2026-04-01T09:26:35","modified_gmt":"2026-04-01T09:26:35","slug":"anastasia-beverly-hills-soft-glam-eyeshadow-palette","status":"publish","type":"product","link":"https:\/\/perleibeauty.com\/sq\/produkt\/anastasia-beverly-hills-soft-glam-eyeshadow-palette\/","title":{"rendered":"Anastasia Beverly Hills Soft Glam Eyeshadow Palette"},"content":{"rendered":"<p data-start=\"41\" data-end=\"412\"><strong data-start=\"41\" data-end=\"96\">Anastasia Beverly Hills Soft Glam Eyeshadow Palette<\/strong> \u00ebsht\u00eb nj\u00eb palet\u00eb ikonike me nuanca neutrale dhe t\u00eb ngrohta q\u00eb ju lejon t\u00eb krijoni makeup t\u00eb syve nga look-et natyrale t\u00eb p\u00ebrditshme deri tek ato m\u00eb glam dhe dramatike p\u00ebr mbr\u00ebmje. Kjo palet\u00eb p\u00ebrmban <strong data-start=\"296\" data-end=\"330\">14 nuanca shum\u00eb t\u00eb pigmentuara<\/strong>, t\u00eb p\u00ebrzgjedhura me kujdes p\u00ebr t\u00eb krijuar kombinime elegante dhe t\u00eb sofistikuara.<\/p>\n<p data-start=\"414\" data-end=\"796\">Formula profesionale e <strong data-start=\"437\" data-end=\"478\"><span class=\"hover:entity-accent entity-underline inline cursor-pointer align-baseline\"><span class=\"whitespace-normal\">Anastasia Beverly Hills<\/span><\/span><\/strong> \u00ebsht\u00eb e njohur p\u00ebr pigmentimin e saj t\u00eb lart\u00eb dhe p\u00ebrzierjen shum\u00eb t\u00eb leht\u00eb n\u00eb l\u00ebkur\u00eb. Paleta kombinon <strong data-start=\"582\" data-end=\"624\">nuanca ultra-matte, satin dhe metalike<\/strong>, t\u00eb cilat shtojn\u00eb dimension, thell\u00ebsi dhe shk\u00eblqim n\u00eb \u00e7do makeup t\u00eb syve. Ngjyrat neutrale dhe t\u00eb ngrohta e b\u00ebjn\u00eb k\u00ebt\u00eb palet\u00eb perfekte p\u00ebr \u00e7do ton l\u00ebkure dhe p\u00ebr \u00e7do rast.<\/p>\n<p data-start=\"798\" data-end=\"958\">Brenda paketimit elegant gjendet gjithashtu <strong data-start=\"842\" data-end=\"887\">nj\u00eb pasqyr\u00eb e madhe dhe nj\u00eb fur\u00e7\u00eb dyfishe<\/strong>, duke e b\u00ebr\u00eb shum\u00eb praktike edhe p\u00ebr udh\u00ebtime apo aplikime t\u00eb shpejta.<\/p>\n<p data-start=\"960\" data-end=\"994\"><strong data-start=\"960\" data-end=\"994\">Nuancat e p\u00ebrfshira n\u00eb palet\u00eb:<\/strong><\/p>\n<ul data-start=\"995\" data-end=\"1711\">\n<li data-section-id=\"194y48n\" data-start=\"995\" data-end=\"1045\">\n<p data-start=\"997\" data-end=\"1045\"><strong data-start=\"997\" data-end=\"1008\">Tempera<\/strong> <strong data-start=\"1048\" data-end=\"1062\">Glistening<\/strong><\/p>\n<\/li>\n<li data-section-id=\"19bphuw\" data-start=\"1101\" data-end=\"1147\">\n<p data-start=\"1103\" data-end=\"1147\"><strong data-start=\"1103\" data-end=\"1118\">Orange Soda<\/strong> <strong data-start=\"1150\" data-end=\"1163\">Rose Pink<\/strong> <strong data-start=\"1214\" data-end=\"1224\">Sultry<\/strong> <strong data-start=\"1270\" data-end=\"1280\">Bronze<\/strong> <strong data-start=\"1318\" data-end=\"1330\">Mulberry<\/strong><\/p>\n<\/li>\n<li data-section-id=\"1nh48gd\" data-start=\"1363\" data-end=\"1410\">\n<p data-start=\"1365\" data-end=\"1410\"><strong data-start=\"1365\" data-end=\"1379\">Dusty Rose<\/strong><\/p>\n<\/li>\n<li data-section-id=\"lx97b7\" data-start=\"1411\" data-end=\"1455\">\n<p data-start=\"1413\" data-end=\"1455\"><strong data-start=\"1413\" data-end=\"1422\">Fairy<\/strong><\/p>\n<\/li>\n<li data-section-id=\"10jk7y8\" data-start=\"1456\" data-end=\"1510\">\n<p data-start=\"1458\" data-end=\"1510\"><strong data-start=\"1458\" data-end=\"1474\">Burnt Orange<\/strong><\/p>\n<\/li>\n<li data-section-id=\"1t4gyjq\" data-start=\"1511\" data-end=\"1553\">\n<p data-start=\"1513\" data-end=\"1553\"><strong data-start=\"1513\" data-end=\"1523\">Sienna<\/strong><\/p>\n<\/li>\n<li data-section-id=\"356gov\" data-start=\"1554\" data-end=\"1604\">\n<p data-start=\"1556\" data-end=\"1604\"><strong data-start=\"1556\" data-end=\"1566\">Rustic<\/strong> <strong data-start=\"1607\" data-end=\"1623\">Cyprus Umber<\/strong><\/p>\n<\/li>\n<li data-section-id=\"19mukwx\" data-start=\"1668\" data-end=\"1711\">\n<p data-start=\"1670\" data-end=\"1711\"><strong data-start=\"1670\" data-end=\"1678\">Noir<\/strong><\/p>\n<\/li>\n<\/ul>\n<p data-start=\"1713\" data-end=\"1919\">Kjo palet\u00eb \u00ebsht\u00eb ideale p\u00ebr t\u00eb krijuar <strong data-start=\"1752\" data-end=\"1818\">look-e natyrale, soft glam, smokey eyes apo makeup m\u00eb dramatik<\/strong>, duke ofruar fleksibilitet maksimal si p\u00ebr p\u00ebrdorim t\u00eb p\u00ebrditsh\u00ebm ashtu edhe p\u00ebr makeup profesional.<\/p>","protected":false},"excerpt":{"rendered":"<p><strong data-start=\"1634\" data-end=\"1675\"><span class=\"hover:entity-accent entity-underline inline cursor-pointer align-baseline\"><span class=\"whitespace-normal\">Anastasia Beverly Hills Soft Glam Eyeshadow Palette<\/span><\/span><\/strong> \u00ebsht\u00eb nj\u00eb palet\u00eb me <strong data-start=\"1696\" data-end=\"1739\">14 nuanca neutrale shum\u00eb t\u00eb pigmentuara<\/strong>, q\u00eb kombinon matte dhe shimmer p\u00ebr t\u00eb krijuar look-e elegante nga makeup-i i p\u00ebrditsh\u00ebm deri tek soft glam dhe smokey eyes. Formula e saj p\u00ebrzihet leht\u00ebsisht dhe ofron nj\u00eb rezultat profesional dhe afatgjat\u00eb.<\/p>","protected":false},"featured_media":10135,"comment_status":"open","ping_status":"closed","template":"","meta":[],"product_brand":[110],"product_cat":[149,96,179],"product_tag":[],"class_list":{"0":"post-10134","1":"product","2":"type-product","3":"status-publish","4":"has-post-thumbnail","6":"product_brand-anastasia-beverly-hills","7":"product_cat-eyeshadow-p","8":"product_cat-makeup","9":"product_cat-new-colletion","12":"outofstock","13":"shipping-taxable","14":"purchasable","15":"product-type-simple"},"_links":{"self":[{"href":"https:\/\/perleibeauty.com\/sq\/wp-json\/wp\/v2\/product\/10134","targetHints":{"allow":["GET"]}}],"collection":[{"href":"https:\/\/perleibeauty.com\/sq\/wp-json\/wp\/v2\/product"}],"about":[{"href":"https:\/\/perleibeauty.com\/sq\/wp-json\/wp\/v2\/types\/product"}],"replies":[{"embeddable":true,"href":"https:\/\/perleibeauty.com\/sq\/wp-json\/wp\/v2\/comments?post=10134"}],"version-history":[{"count":1,"href":"https:\/\/perleibeauty.com\/sq\/wp-json\/wp\/v2\/product\/10134\/revisions"}],"predecessor-version":[{"id":10138,"href":"https:\/\/perleibeauty.com\/sq\/wp-json\/wp\/v2\/product\/10134\/revisions\/10138"}],"wp:featuredmedia":[{"embeddable":true,"href":"https:\/\/perleibeauty.com\/sq\/wp-json\/wp\/v2\/media\/10135"}],"wp:attachment":[{"href":"https:\/\/perleibeauty.com\/sq\/wp-json\/wp\/v2\/media?parent=10134"}],"wp:term":[{"taxonomy":"product_brand","embeddable":true,"href":"https:\/\/perleibeauty.com\/sq\/wp-json\/wp\/v2\/product_brand?post=10134"},{"taxonomy":"product_cat","embeddable":true,"href":"https:\/\/perleibeauty.com\/sq\/wp-json\/wp\/v2\/product_cat?post=10134"},{"taxonomy":"product_tag","embeddable":true,"href":"https:\/\/perleibeauty.com\/sq\/wp-json\/wp\/v2\/product_tag?post=10134"}],"curies":[{"name":"wp","href":"https:\/\/api.w.org\/{rel}","templated":true}]}}