{"id":10127,"date":"2026-03-11T08:42:20","date_gmt":"2026-03-11T08:42:20","guid":{"rendered":"https:\/\/perleibeauty.com\/?post_type=product&#038;p=10127"},"modified":"2026-04-01T09:40:24","modified_gmt":"2026-04-01T09:40:24","slug":"chanel-chance-eau-tendre","status":"publish","type":"product","link":"https:\/\/perleibeauty.com\/sq\/produkt\/chanel-chance-eau-tendre\/","title":{"rendered":"CHANEL CHANCE EAU TENDRE"},"content":{"rendered":"<p data-start=\"41\" data-end=\"351\"><strong data-start=\"41\" data-end=\"85\">CHANEL Chance Eau Tendre Eau de Toilette<\/strong> \u00ebsht\u00eb nj\u00eb arom\u00eb elegante, e fresk\u00ebt dhe fem\u00ebrore q\u00eb p\u00ebrfaq\u00ebson delikates\u00ebn dhe optimizmin. Ky parfum ikonik nga <strong data-start=\"198\" data-end=\"239\"><span class=\"hover:entity-accent entity-underline inline cursor-pointer align-baseline\"><span class=\"whitespace-normal\">CHANEL<\/span><\/span><\/strong> \u00ebsht\u00eb krijuar p\u00ebr gruan romantike dhe moderne q\u00eb d\u00ebshiron nj\u00eb arom\u00eb t\u00eb leht\u00eb, por nj\u00ebkoh\u00ebsisht t\u00eb paharrueshme.<\/p>\n<p data-start=\"353\" data-end=\"722\">Aroma hapet me nota t\u00eb fresk\u00ebta dhe frutore t\u00eb <strong data-start=\"400\" data-end=\"425\">grejpfrutit dhe ftues<\/strong>, t\u00eb cilat i japin parfumit nj\u00eb ndjesi energjike dhe t\u00eb ndritshme. N\u00eb zem\u00ebr t\u00eb arom\u00ebs gjenden <strong data-start=\"519\" data-end=\"566\">nota t\u00eb buta lulesh si jasemini dhe zymbyli<\/strong>, q\u00eb shtojn\u00eb eleganc\u00eb dhe feminitet. Baza p\u00ebrmbyllet me <strong data-start=\"622\" data-end=\"656\">musk t\u00eb bardh\u00eb dhe dru t\u00eb but\u00eb<\/strong>, duke krijuar nj\u00eb arom\u00eb t\u00eb past\u00ebr, t\u00eb ngroht\u00eb dhe shum\u00eb sensuale.<\/p>\n<p data-start=\"724\" data-end=\"971\"><strong data-start=\"724\" data-end=\"768\">CHANEL Chance Eau Tendre Eau de Toilette<\/strong> \u00ebsht\u00eb perfekt p\u00ebr p\u00ebrdorim t\u00eb p\u00ebrditsh\u00ebm, sidomos gjat\u00eb pranver\u00ebs dhe ver\u00ebs, fal\u00eb karakterit t\u00eb tij t\u00eb fresk\u00ebt dhe romantik. Aroma e tij e leht\u00eb, por e rafinuar, e b\u00ebn at\u00eb ideal p\u00ebr \u00e7do moment t\u00eb dit\u00ebs.<\/p>\n<p data-start=\"973\" data-end=\"994\"><strong data-start=\"973\" data-end=\"994\">Notat e parfumit:<\/strong><\/p>\n<ul data-start=\"995\" data-end=\"1119\">\n<li data-section-id=\"istr1z\" data-start=\"995\" data-end=\"1035\">\n<p data-start=\"997\" data-end=\"1035\"><strong data-start=\"997\" data-end=\"1017\">Nota t\u00eb sip\u00ebrme:<\/strong> Grejpfrut, Ftua<\/p>\n<\/li>\n<li data-section-id=\"1ou1ieg\" data-start=\"1036\" data-end=\"1074\">\n<p data-start=\"1038\" data-end=\"1074\"><strong data-start=\"1038\" data-end=\"1056\">Nota t\u00eb mesme:<\/strong> Jasemin, Zymbyl<\/p>\n<\/li>\n<li data-section-id=\"nn6fhh\" data-start=\"1075\" data-end=\"1119\">\n<p data-start=\"1077\" data-end=\"1119\"><strong data-start=\"1077\" data-end=\"1091\">Nota baz\u00eb:<\/strong> Musk i bardh\u00eb, Dru i but\u00eb<\/p>\n<\/li>\n<\/ul>","protected":false},"excerpt":{"rendered":"<p><strong data-start=\"1172\" data-end=\"1216\">CHANEL Chance Eau Tendre Eau de Toilette 100 ML\u00a0<\/strong> \u00ebsht\u00eb nj\u00eb parfum i fresk\u00ebt dhe romantik me nota frutore dhe lulesh si <strong data-start=\"1287\" data-end=\"1318\">grejpfrut, ftua dhe jasemin<\/strong>, i p\u00ebrfunduar me musk t\u00eb but\u00eb. Nj\u00eb arom\u00eb elegante dhe fem\u00ebrore, perfekte p\u00ebr p\u00ebrdorim t\u00eb p\u00ebrditsh\u00ebm.<\/p>","protected":false},"featured_media":10130,"comment_status":"open","ping_status":"closed","template":"","meta":[],"product_brand":[112],"product_cat":[177,179,104],"product_tag":[],"class_list":{"0":"post-10127","1":"product","2":"type-product","3":"status-publish","4":"has-post-thumbnail","6":"product_brand-chanel","7":"product_cat-bodycare","8":"product_cat-new-colletion","9":"product_cat-perfume","12":"instock","13":"shipping-taxable","14":"purchasable","15":"product-type-simple"},"_links":{"self":[{"href":"https:\/\/perleibeauty.com\/sq\/wp-json\/wp\/v2\/product\/10127","targetHints":{"allow":["GET"]}}],"collection":[{"href":"https:\/\/perleibeauty.com\/sq\/wp-json\/wp\/v2\/product"}],"about":[{"href":"https:\/\/perleibeauty.com\/sq\/wp-json\/wp\/v2\/types\/product"}],"replies":[{"embeddable":true,"href":"https:\/\/perleibeauty.com\/sq\/wp-json\/wp\/v2\/comments?post=10127"}],"version-history":[{"count":2,"href":"https:\/\/perleibeauty.com\/sq\/wp-json\/wp\/v2\/product\/10127\/revisions"}],"predecessor-version":[{"id":10133,"href":"https:\/\/perleibeauty.com\/sq\/wp-json\/wp\/v2\/product\/10127\/revisions\/10133"}],"wp:featuredmedia":[{"embeddable":true,"href":"https:\/\/perleibeauty.com\/sq\/wp-json\/wp\/v2\/media\/10130"}],"wp:attachment":[{"href":"https:\/\/perleibeauty.com\/sq\/wp-json\/wp\/v2\/media?parent=10127"}],"wp:term":[{"taxonomy":"product_brand","embeddable":true,"href":"https:\/\/perleibeauty.com\/sq\/wp-json\/wp\/v2\/product_brand?post=10127"},{"taxonomy":"product_cat","embeddable":true,"href":"https:\/\/perleibeauty.com\/sq\/wp-json\/wp\/v2\/product_cat?post=10127"},{"taxonomy":"product_tag","embeddable":true,"href":"https:\/\/perleibeauty.com\/sq\/wp-json\/wp\/v2\/product_tag?post=10127"}],"curies":[{"name":"wp","href":"https:\/\/api.w.org\/{rel}","templated":true}]}}