{"id":10115,"date":"2026-03-11T08:41:55","date_gmt":"2026-03-11T08:41:55","guid":{"rendered":"https:\/\/perleibeauty.com\/?post_type=product&#038;p=10115"},"modified":"2026-04-01T12:11:41","modified_gmt":"2026-04-01T12:11:41","slug":"lancome-teint-idole-ultra-wear-skin-refining-setting-powder","status":"publish","type":"product","link":"https:\/\/perleibeauty.com\/sq\/produkt\/lancome-teint-idole-ultra-wear-skin-refining-setting-powder\/","title":{"rendered":"LANCOME Teint Idole Ultra Wear Skin Refining Setting Powder"},"content":{"rendered":"<p data-start=\"41\" data-end=\"388\"><strong data-start=\"41\" data-end=\"104\">Lanc\u00f4me Teint Idole Ultra Wear Skin Refining Setting Powder<\/strong> \u00ebsht\u00eb nj\u00eb pud\u00ebr fikse luksoze q\u00eb ndihmon n\u00eb fiksimin e makeup-it dhe n\u00eb p\u00ebrmir\u00ebsimin e dukjes s\u00eb l\u00ebkur\u00ebs gjat\u00eb gjith\u00eb dit\u00ebs. Formula e saj ultra e leht\u00eb krijon nj\u00eb efekt <strong data-start=\"275\" data-end=\"290\">mat natyral<\/strong>, duke reduktuar shk\u00eblqimin e tep\u00ebrt dhe duke e b\u00ebr\u00eb l\u00ebkur\u00ebn t\u00eb duket m\u00eb e l\u00ebmuar dhe m\u00eb uniforme.<\/p>\n<p data-start=\"390\" data-end=\"757\">Fal\u00eb teknologjis\u00eb s\u00eb avancuar t\u00eb <strong data-start=\"423\" data-end=\"446\">rafinimit t\u00eb poreve<\/strong>, kjo pud\u00ebr ndihmon n\u00eb minimizimin vizual t\u00eb poreve dhe linjave t\u00eb imta, duke i dh\u00ebn\u00eb fytyr\u00ebs nj\u00eb p\u00ebrfundim t\u00eb but\u00eb dhe profesional. Tekstura e saj e im\u00ebt p\u00ebrzihet leht\u00ebsisht me l\u00ebkur\u00ebn pa krijuar efekt t\u00eb r\u00ebnd\u00eb apo t\u00eb that\u00eb, duke e b\u00ebr\u00eb perfekte si p\u00ebr p\u00ebrdorim t\u00eb p\u00ebrditsh\u00ebm ashtu edhe p\u00ebr makeup profesional.<\/p>\n<p data-start=\"759\" data-end=\"1003\"><strong data-start=\"759\" data-end=\"822\">Lanc\u00f4me Teint Idole Ultra Wear Skin Refining Setting Powder<\/strong> \u00ebsht\u00eb ideale p\u00ebr t\u00eb <strong data-start=\"843\" data-end=\"940\">fiksuar fondatin\u00ebn, p\u00ebr t\u00eb kontrolluar yndyr\u00ebn dhe p\u00ebr t\u00eb zgjatur q\u00ebndrueshm\u00ebrin\u00eb e makeup-it<\/strong>, duke e mbajtur fytyr\u00ebn t\u00eb fresk\u00ebt dhe t\u00eb bukur p\u00ebr shum\u00eb or\u00eb.<\/p>\n<p data-start=\"1005\" data-end=\"1029\"><strong data-start=\"1005\" data-end=\"1029\">P\u00ebrfitimet kryesore:<\/strong><\/p>\n<ul data-start=\"1030\" data-end=\"1269\">\n<li data-section-id=\"52mbzd\" data-start=\"1030\" data-end=\"1076\">\n<p data-start=\"1032\" data-end=\"1076\">Fikson makeup-in dhe zgjat q\u00ebndrueshm\u00ebrin\u00eb<\/p>\n<\/li>\n<li data-section-id=\"14pr37n\" data-start=\"1077\" data-end=\"1123\">\n<p data-start=\"1079\" data-end=\"1123\">Redukton shk\u00eblqimin dhe kontrollon yndyr\u00ebn<\/p>\n<\/li>\n<li data-section-id=\"bs4zd7\" data-start=\"1124\" data-end=\"1179\">\n<p data-start=\"1126\" data-end=\"1179\">P\u00ebrmir\u00ebson dukjen e poreve dhe tekstur\u00ebs s\u00eb l\u00ebkur\u00ebs<\/p>\n<\/li>\n<li data-section-id=\"hlpcjz\" data-start=\"1180\" data-end=\"1221\">\n<p data-start=\"1182\" data-end=\"1221\">Jep nj\u00eb p\u00ebrfundim t\u00eb but\u00eb dhe natyral<\/p>\n<\/li>\n<li data-section-id=\"16quspj\" data-start=\"1222\" data-end=\"1269\">\n<p data-start=\"1224\" data-end=\"1269\">Tekstur\u00eb ultra e leht\u00eb dhe komode n\u00eb l\u00ebkur\u00eb<\/p>\n<\/li>\n<\/ul>","protected":false},"excerpt":{"rendered":"<div class=\"flex flex-col text-sm pb-25\">\n<article class=\"text-token-text-primary w-full focus:outline-none [--shadow-height:45px] has-data-writing-block:pointer-events-none has-data-writing-block:-mt-(--shadow-height) has-data-writing-block:pt-(--shadow-height) [&amp;:has([data-writing-block])&gt;*]:pointer-events-auto scroll-mt-[calc(var(--header-height)+min(200px,max(70px,20svh)))]\" dir=\"auto\" tabindex=\"-1\" data-turn-id=\"request-WEB:1ad3ecdd-fab9-4818-ad48-01099939fff7-0\" data-testid=\"conversation-turn-2\" data-scroll-anchor=\"true\" data-turn=\"assistant\">\n<div class=\"text-base my-auto mx-auto pb-10 [--thread-content-margin:var(--thread-content-margin-xs,calc(var(--spacing)*4))] @w-sm\/main:[--thread-content-margin:var(--thread-content-margin-sm,calc(var(--spacing)*6))] @w-lg\/main:[--thread-content-margin:var(--thread-content-margin-lg,calc(var(--spacing)*16))] px-(--thread-content-margin)\">\n<div class=\"[--thread-content-max-width:40rem] @w-lg\/main:[--thread-content-max-width:48rem] mx-auto max-w-(--thread-content-max-width) flex-1 group\/turn-messages focus-visible:outline-hidden relative flex w-full min-w-0 flex-col agent-turn\" tabindex=\"-1\">\n<div class=\"flex max-w-full flex-col gap-4 grow\">\n<div class=\"min-h-8 text-message relative flex w-full flex-col items-end gap-2 text-start break-words whitespace-normal [.text-message+&amp;]:mt-1\" dir=\"auto\" data-message-author-role=\"assistant\" data-message-id=\"068edf19-48ba-4060-8128-b10a87cddbde\" data-message-model-slug=\"gpt-5-3\">\n<div class=\"flex w-full flex-col gap-1 empty:hidden\">\n<div class=\"markdown prose dark:prose-invert w-full wrap-break-word light markdown-new-styling\">\n<p data-start=\"1322\" data-end=\"1589\" data-is-last-node=\"\" data-is-only-node=\"\"><strong data-start=\"1322\" data-end=\"1385\">Lanc\u00f4me Teint Idole Ultra Wear Skin Refining Setting Powder<\/strong> \u00ebsht\u00eb nj\u00eb pud\u00ebr fikse me tekstur\u00eb ultra t\u00eb im\u00ebt q\u00eb <strong data-start=\"1437\" data-end=\"1508\">fikson makeup-in, kontrollon shk\u00eblqimin dhe rafinon pamjen e poreve<\/strong>, duke i dh\u00ebn\u00eb l\u00ebkur\u00ebs nj\u00eb p\u00ebrfundim mat, t\u00eb but\u00eb dhe natyral gjat\u00eb gjith\u00eb dit\u00ebs.<\/p>\n<\/div>\n<\/div>\n<\/div>\n<\/div>\n<div class=\"z-0 flex min-h-[46px] justify-start\"><\/div>\n<div class=\"mt-3 w-full empty:hidden\">\n<div class=\"text-center\"><\/div>\n<\/div>\n<\/div>\n<\/div>\n<\/article>\n<\/div>\n<div class=\"pointer-events-none h-px w-px absolute bottom-0\" aria-hidden=\"true\" data-edge=\"true\"><\/div>\n","protected":false},"featured_media":10121,"comment_status":"open","ping_status":"closed","template":"","meta":[],"product_brand":[116],"product_cat":[96,179,147],"product_tag":[],"class_list":{"0":"post-10115","1":"product","2":"type-product","3":"status-publish","4":"has-post-thumbnail","6":"product_brand-lancome","7":"product_cat-makeup","8":"product_cat-new-colletion","9":"product_cat-setting-spray","12":"instock","13":"shipping-taxable","14":"purchasable","15":"product-type-variable"},"_links":{"self":[{"href":"https:\/\/perleibeauty.com\/sq\/wp-json\/wp\/v2\/product\/10115","targetHints":{"allow":["GET"]}}],"collection":[{"href":"https:\/\/perleibeauty.com\/sq\/wp-json\/wp\/v2\/product"}],"about":[{"href":"https:\/\/perleibeauty.com\/sq\/wp-json\/wp\/v2\/types\/product"}],"replies":[{"embeddable":true,"href":"https:\/\/perleibeauty.com\/sq\/wp-json\/wp\/v2\/comments?post=10115"}],"version-history":[{"count":1,"href":"https:\/\/perleibeauty.com\/sq\/wp-json\/wp\/v2\/product\/10115\/revisions"}],"predecessor-version":[{"id":10125,"href":"https:\/\/perleibeauty.com\/sq\/wp-json\/wp\/v2\/product\/10115\/revisions\/10125"}],"wp:featuredmedia":[{"embeddable":true,"href":"https:\/\/perleibeauty.com\/sq\/wp-json\/wp\/v2\/media\/10121"}],"wp:attachment":[{"href":"https:\/\/perleibeauty.com\/sq\/wp-json\/wp\/v2\/media?parent=10115"}],"wp:term":[{"taxonomy":"product_brand","embeddable":true,"href":"https:\/\/perleibeauty.com\/sq\/wp-json\/wp\/v2\/product_brand?post=10115"},{"taxonomy":"product_cat","embeddable":true,"href":"https:\/\/perleibeauty.com\/sq\/wp-json\/wp\/v2\/product_cat?post=10115"},{"taxonomy":"product_tag","embeddable":true,"href":"https:\/\/perleibeauty.com\/sq\/wp-json\/wp\/v2\/product_tag?post=10115"}],"curies":[{"name":"wp","href":"https:\/\/api.w.org\/{rel}","templated":true}]}}