{"id":12,"date":"2025-11-01T19:37:33","date_gmt":"2025-11-01T19:37:33","guid":{"rendered":"https:\/\/perleibeauty.com\/?page_id=12"},"modified":"2025-11-01T21:59:54","modified_gmt":"2025-11-01T21:59:54","slug":"cart","status":"publish","type":"page","link":"https:\/\/perleibeauty.com\/sq\/cart\/","title":{"rendered":"Shport\u00eb"},"content":{"rendered":"<div data-block-name=\"woocommerce\/cart\" class=\"wp-block-woocommerce-cart alignwide is-loading\">\n<div data-block-name=\"woocommerce\/filled-cart-block\" class=\"wp-block-woocommerce-filled-cart-block\">\n<div data-block-name=\"woocommerce\/cart-items-block\" class=\"wp-block-woocommerce-cart-items-block\">\n<div data-block-name=\"woocommerce\/cart-line-items-block\" class=\"wp-block-woocommerce-cart-line-items-block\"><\/div>\n\n\n<\/div>\n\n\n\n\n<div data-block-name=\"woocommerce\/cart-totals-block\" class=\"wp-block-woocommerce-cart-totals-block\">\n<div data-block-name=\"woocommerce\/cart-order-summary-block\" class=\"wp-block-woocommerce-cart-order-summary-block\">\n<div data-block-name=\"woocommerce\/cart-order-summary-heading-block\" class=\"wp-block-woocommerce-cart-order-summary-heading-block\"><\/div><div data-block-name=\"woocommerce\/cart-order-summary-coupon-form-block\" class=\"wp-block-woocommerce-cart-order-summary-coupon-form-block\"><\/div><div data-block-name=\"woocommerce\/cart-order-summary-totals-block\" class=\"wp-block-woocommerce-cart-order-summary-totals-block\">\n<div data-block-name=\"woocommerce\/cart-order-summary-subtotal-block\" class=\"wp-block-woocommerce-cart-order-summary-subtotal-block\"><\/div>\n<div data-block-name=\"woocommerce\/cart-order-summary-discount-block\" class=\"wp-block-woocommerce-cart-order-summary-discount-block\"><\/div>\n<div data-block-name=\"woocommerce\/cart-order-summary-fee-block\" class=\"wp-block-woocommerce-cart-order-summary-fee-block\"><\/div>\n<div data-block-name=\"woocommerce\/cart-order-summary-shipping-block\" class=\"wp-block-woocommerce-cart-order-summary-shipping-block\"><\/div>\n<div data-block-name=\"woocommerce\/cart-order-summary-taxes-block\" class=\"wp-block-woocommerce-cart-order-summary-taxes-block\"><\/div><\/div>\n<\/div>\n\n\n\n<div data-block-name=\"woocommerce\/cart-express-payment-block\" class=\"wp-block-woocommerce-cart-express-payment-block\"><\/div>\n\n\n\n<div data-block-name=\"woocommerce\/proceed-to-checkout-block\" class=\"wp-block-woocommerce-proceed-to-checkout-block\"><\/div>\n\n\n\n<div data-block-name=\"woocommerce\/cart-accepted-payment-methods-block\" class=\"wp-block-woocommerce-cart-accepted-payment-methods-block\"><\/div>\n<\/div>\n<\/div>\n\n\n\n<div data-block-name=\"woocommerce\/empty-cart-block\" class=\"wp-block-woocommerce-empty-cart-block\">\n<h2 class=\"wp-block-heading has-text-align-center with-empty-cart-icon wc-block-cart__empty-cart__title\">Shporta juaj \u00ebsht\u00eb aktualisht bosh!<\/h2>\n\n\n\n<hr class=\"wp-block-separator has-alpha-channel-opacity is-style-dots\"\/>\n\n\n\n<h2 class=\"wp-block-heading has-text-align-center\">E re n\u00eb dyqan<\/h2>\n\n\n<div data-block-name=\"woocommerce\/product-new\" data-columns=\"4\" data-rows=\"1\" class=\"wc-block-grid wp-block-product-new wp-block-woocommerce-product-new wc-block-product-new has-4-columns\"><ul class=\"wc-block-grid__products\"><li class=\"wc-block-grid__product\">\n\t\t\t\t<a href=\"https:\/\/perleibeauty.com\/sq\/produkt\/rare-beauty-soft-pinch-luminous-powder-blush\/\" class=\"wc-block-grid__product-link\">\n\t\t\t\t\t<div class=\"wc-block-grid__product-onsale\">\n\t\t\t<span aria-hidden=\"true\" data-no-translation=\"\" data-trp-gettext=\"\">Ulje \u00e7mimi<\/span>\n\t\t\t<span class=\"screen-reader-text\" data-no-translation=\"\" data-trp-gettext=\"\">Produkt me ulje \u00e7mimi<\/span>\n\t\t<\/div>\n\t\t\t\t\t<div class=\"wc-block-grid__product-image\"><img fetchpriority=\"high\" decoding=\"async\" width=\"406\" height=\"406\" src=\"https:\/\/perleibeauty.com\/wp-content\/uploads\/2026\/04\/ECOMM-SOFT-PINCH-LUMINOUS-POWDER-BLUSH-HAPPY-406x406.webp\" class=\"attachment-woocommerce_thumbnail size-woocommerce_thumbnail\" alt=\"Rare Beauty Soft Pinch Luminous Powder Blush\" \/><\/div>\n\t\t\t\t\t<div class=\"wc-block-grid__product-title\">Rare Beauty Soft Pinch Luminous Powder Blush<\/div>\n\t\t\t\t<\/a>\n\t\t\t\t<div class=\"wc-block-grid__product-price price\"><del aria-hidden=\"true\"><span class=\"woocommerce-Price-amount amount\">2 700&nbsp;<span class=\"woocommerce-Price-currencySymbol\">L<\/span><\/span><\/del> <span class=\"screen-reader-text\" data-no-translation=\"\" data-trp-gettext=\"\">\u00c7mimi origjinal qe: 2 700&nbsp;L.<\/span><ins aria-hidden=\"true\"><span class=\"woocommerce-Price-amount amount\">2 160&nbsp;<span class=\"woocommerce-Price-currencySymbol\">L<\/span><\/span><\/ins><span class=\"screen-reader-text\" data-no-translation=\"\" data-trp-gettext=\"\">\u00c7mimi i tanish\u00ebm \u00ebsht\u00eb: 2 160&nbsp;L.<\/span><\/div>\n\t\t\t\t\n\t\t\t\t<div class=\"wp-block-button wc-block-grid__product-add-to-cart\"><a href=\"\/sq\/wp-json\/wp\/v2\/pages\/12?add-to-cart=10681\" aria-label=\"Shtoje n\u00eb shport\u00eb: \u201cRare Beauty Soft Pinch Luminous Powder Blush\u201d\" data-quantity=\"1\" data-product_id=\"10681\" data-product_sku=\"\" data-price=\"2160\" rel=\"nofollow\" class=\"wp-block-button__link  add_to_cart_button ajax_add_to_cart\" data-no-translation=\"\" data-trp-gettext=\"\" data-no-translation-aria-label=\"\">Shtoje n\u00eb shport\u00eb<\/a><\/div>\n\t\t\t<\/li><li class=\"wc-block-grid__product\">\n\t\t\t\t<a href=\"https:\/\/perleibeauty.com\/sq\/produkt\/nars-the-multiple-sculpting-stick-contur-laguna\/\" class=\"wc-block-grid__product-link\">\n\t\t\t\t\t<div class=\"wc-block-grid__product-onsale\">\n\t\t\t<span aria-hidden=\"true\" data-no-translation=\"\" data-trp-gettext=\"\">Ulje \u00e7mimi<\/span>\n\t\t\t<span class=\"screen-reader-text\" data-no-translation=\"\" data-trp-gettext=\"\">Produkt me ulje \u00e7mimi<\/span>\n\t\t<\/div>\n\t\t\t\t\t<div class=\"wc-block-grid__product-image\"><img decoding=\"async\" width=\"406\" height=\"406\" src=\"https:\/\/perleibeauty.com\/wp-content\/uploads\/2026\/04\/NARS_SU26_SummerSculptCollection_PDPCrop_MultipleSculptingStick_SoldierSwatch_Laguna_GLBL-406x406.webp\" class=\"attachment-woocommerce_thumbnail size-woocommerce_thumbnail\" alt=\"NARS The Multiple Sculpting Stick CONTUR | LAGUNA\" \/><\/div>\n\t\t\t\t\t<div class=\"wc-block-grid__product-title\">NARS The Multiple Sculpting Stick CONTUR | LAGUNA<\/div>\n\t\t\t\t<\/a>\n\t\t\t\t<div class=\"wc-block-grid__product-price price\"><del aria-hidden=\"true\"><span class=\"woocommerce-Price-amount amount\">3 500&nbsp;<span class=\"woocommerce-Price-currencySymbol\">L<\/span><\/span><\/del> <span class=\"screen-reader-text\" data-no-translation=\"\" data-trp-gettext=\"\">\u00c7mimi origjinal qe: 3 500&nbsp;L.<\/span><ins aria-hidden=\"true\"><span class=\"woocommerce-Price-amount amount\">2 800&nbsp;<span class=\"woocommerce-Price-currencySymbol\">L<\/span><\/span><\/ins><span class=\"screen-reader-text\" data-no-translation=\"\" data-trp-gettext=\"\">\u00c7mimi i tanish\u00ebm \u00ebsht\u00eb: 2 800&nbsp;L.<\/span><\/div>\n\t\t\t\t\n\t\t\t\t<div class=\"wp-block-button wc-block-grid__product-add-to-cart\"><a href=\"\/sq\/wp-json\/wp\/v2\/pages\/12?add-to-cart=10642\" aria-label=\"Shtoje n\u00eb shport\u00eb: \u201cNARS The Multiple Sculpting Stick CONTUR | LAGUNA\u201d\" data-quantity=\"1\" data-product_id=\"10642\" data-product_sku=\"\" data-price=\"2800\" rel=\"nofollow\" class=\"wp-block-button__link  add_to_cart_button ajax_add_to_cart\" data-no-translation=\"\" data-trp-gettext=\"\" data-no-translation-aria-label=\"\">Shtoje n\u00eb shport\u00eb<\/a><\/div>\n\t\t\t<\/li><li class=\"wc-block-grid__product\">\n\t\t\t\t<a href=\"https:\/\/perleibeauty.com\/sq\/produkt\/patrick-ta-major-skin-creme-and-powder-foundation-duo-fair-2\/\" class=\"wc-block-grid__product-link\">\n\t\t\t\t\t<div class=\"wc-block-grid__product-onsale\">\n\t\t\t<span aria-hidden=\"true\" data-no-translation=\"\" data-trp-gettext=\"\">Ulje \u00e7mimi<\/span>\n\t\t\t<span class=\"screen-reader-text\" data-no-translation=\"\" data-trp-gettext=\"\">Produkt me ulje \u00e7mimi<\/span>\n\t\t<\/div>\n\t\t\t\t\t<div class=\"wc-block-grid__product-image\"><img decoding=\"async\" width=\"406\" height=\"406\" src=\"https:\/\/perleibeauty.com\/wp-content\/uploads\/2026\/04\/images-8-406x406.avif\" class=\"attachment-woocommerce_thumbnail size-woocommerce_thumbnail\" alt=\"PATRICK TA Major Skin Cr\u00e8me and Powder Foundation Duo - Fair 2\" \/><\/div>\n\t\t\t\t\t<div class=\"wc-block-grid__product-title\">PATRICK TA Major Skin Cr\u00e8me and Powder Foundation Duo &#8211; Fair 2<\/div>\n\t\t\t\t<\/a>\n\t\t\t\t<div class=\"wc-block-grid__product-price price\"><del aria-hidden=\"true\"><span class=\"woocommerce-Price-amount amount\">5 000&nbsp;<span class=\"woocommerce-Price-currencySymbol\">L<\/span><\/span><\/del> <span class=\"screen-reader-text\" data-no-translation=\"\" data-trp-gettext=\"\">\u00c7mimi origjinal qe: 5 000&nbsp;L.<\/span><ins aria-hidden=\"true\"><span class=\"woocommerce-Price-amount amount\">4 000&nbsp;<span class=\"woocommerce-Price-currencySymbol\">L<\/span><\/span><\/ins><span class=\"screen-reader-text\" data-no-translation=\"\" data-trp-gettext=\"\">\u00c7mimi i tanish\u00ebm \u00ebsht\u00eb: 4 000&nbsp;L.<\/span><\/div>\n\t\t\t\t\n\t\t\t\t<div class=\"wp-block-button wc-block-grid__product-add-to-cart\"><a href=\"\/sq\/wp-json\/wp\/v2\/pages\/12?add-to-cart=10632\" aria-label=\"Shtoje n\u00eb shport\u00eb: \u201cPATRICK TA Major Skin Cr\u00e8me and Powder Foundation Duo - Fair 2\u201d\" data-quantity=\"1\" data-product_id=\"10632\" data-product_sku=\"\" data-price=\"4000\" rel=\"nofollow\" class=\"wp-block-button__link  add_to_cart_button ajax_add_to_cart\" data-no-translation=\"\" data-trp-gettext=\"\" data-no-translation-aria-label=\"\">Shtoje n\u00eb shport\u00eb<\/a><\/div>\n\t\t\t<\/li><li class=\"wc-block-grid__product\">\n\t\t\t\t<a href=\"https:\/\/perleibeauty.com\/sq\/produkt\/urban-decay-all-nighter-setting-spray-118ml\/\" class=\"wc-block-grid__product-link\">\n\t\t\t\t\t<div class=\"wc-block-grid__product-onsale\">\n\t\t\t<span aria-hidden=\"true\" data-no-translation=\"\" data-trp-gettext=\"\">Ulje \u00e7mimi<\/span>\n\t\t\t<span class=\"screen-reader-text\" data-no-translation=\"\" data-trp-gettext=\"\">Produkt me ulje \u00e7mimi<\/span>\n\t\t<\/div>\n\t\t\t\t\t<div class=\"wc-block-grid__product-image\"><img loading=\"lazy\" decoding=\"async\" width=\"225\" height=\"225\" src=\"https:\/\/perleibeauty.com\/wp-content\/uploads\/2026\/04\/images-11.jpg\" class=\"attachment-woocommerce_thumbnail size-woocommerce_thumbnail\" alt=\"Urban Decay All Nighter Setting Spray 118ml\" \/><\/div>\n\t\t\t\t\t<div class=\"wc-block-grid__product-title\">Urban Decay All Nighter Setting Spray 118ml<\/div>\n\t\t\t\t<\/a>\n\t\t\t\t<div class=\"wc-block-grid__product-price price\"><del aria-hidden=\"true\"><span class=\"woocommerce-Price-amount amount\">3 500&nbsp;<span class=\"woocommerce-Price-currencySymbol\">L<\/span><\/span><\/del> <span class=\"screen-reader-text\" data-no-translation=\"\" data-trp-gettext=\"\">\u00c7mimi origjinal qe: 3 500&nbsp;L.<\/span><ins aria-hidden=\"true\"><span class=\"woocommerce-Price-amount amount\">2 800&nbsp;<span class=\"woocommerce-Price-currencySymbol\">L<\/span><\/span><\/ins><span class=\"screen-reader-text\" data-no-translation=\"\" data-trp-gettext=\"\">\u00c7mimi i tanish\u00ebm \u00ebsht\u00eb: 2 800&nbsp;L.<\/span><\/div>\n\t\t\t\t\n\t\t\t\t<div class=\"wp-block-button wc-block-grid__product-add-to-cart\"><a href=\"\/sq\/wp-json\/wp\/v2\/pages\/12?add-to-cart=10627\" aria-label=\"Shtoje n\u00eb shport\u00eb: \u201cUrban Decay All Nighter Setting Spray 118ml\u201d\" data-quantity=\"1\" data-product_id=\"10627\" data-product_sku=\"\" data-price=\"2800\" rel=\"nofollow\" class=\"wp-block-button__link  add_to_cart_button ajax_add_to_cart\" data-no-translation=\"\" data-trp-gettext=\"\" data-no-translation-aria-label=\"\">Shtoje n\u00eb shport\u00eb<\/a><\/div>\n\t\t\t<\/li><\/ul><\/div><\/div>\n<\/div>","protected":false},"excerpt":{"rendered":"","protected":false},"author":1,"featured_media":0,"parent":0,"menu_order":0,"comment_status":"closed","ping_status":"closed","template":"","meta":{"footnotes":""},"class_list":["post-12","page","type-page","status-publish","hentry"],"_links":{"self":[{"href":"https:\/\/perleibeauty.com\/sq\/wp-json\/wp\/v2\/pages\/12","targetHints":{"allow":["GET"]}}],"collection":[{"href":"https:\/\/perleibeauty.com\/sq\/wp-json\/wp\/v2\/pages"}],"about":[{"href":"https:\/\/perleibeauty.com\/sq\/wp-json\/wp\/v2\/types\/page"}],"author":[{"embeddable":true,"href":"https:\/\/perleibeauty.com\/sq\/wp-json\/wp\/v2\/users\/1"}],"replies":[{"embeddable":true,"href":"https:\/\/perleibeauty.com\/sq\/wp-json\/wp\/v2\/comments?post=12"}],"version-history":[{"count":0,"href":"https:\/\/perleibeauty.com\/sq\/wp-json\/wp\/v2\/pages\/12\/revisions"}],"wp:attachment":[{"href":"https:\/\/perleibeauty.com\/sq\/wp-json\/wp\/v2\/media?parent=12"}],"curies":[{"name":"wp","href":"https:\/\/api.w.org\/{rel}","templated":true}]}}